{"id":120,"date":"2025-05-23T15:29:40","date_gmt":"2025-05-23T13:29:40","guid":{"rendered":"https:\/\/www.unisphere-formation.fr\/?page_id=120"},"modified":"2025-09-17T12:36:55","modified_gmt":"2025-09-17T10:36:55","slug":"mentions-legales","status":"publish","type":"page","link":"https:\/\/www.unisphere-formation.fr\/index.php\/mentions-legales\/","title":{"rendered":"Mentions l\u00e9gales"},"content":{"rendered":"\t\t<div data-elementor-type=\"wp-page\" data-elementor-id=\"120\" class=\"elementor elementor-120\" data-elementor-post-type=\"page\">\n\t\t\t\t<div class=\"elementor-element elementor-element-2cb9af0 e-flex e-con-boxed e-con e-parent\" data-id=\"2cb9af0\" data-element_type=\"container\" data-settings=\"{&quot;background_background&quot;:&quot;classic&quot;}\">\n\t\t\t\t\t<div class=\"e-con-inner\">\n\t\t<div class=\"elementor-element elementor-element-88a3fa2 e-con-full e-flex e-con e-child\" data-id=\"88a3fa2\" data-element_type=\"container\">\n\t\t\t\t<div class=\"elementor-element elementor-element-d76e84e elementor-widget elementor-widget-heading\" data-id=\"d76e84e\" data-element_type=\"widget\" data-widget_type=\"heading.default\">\n\t\t\t\t<div class=\"elementor-widget-container\">\n\t\t\t\t\t<h2 class=\"elementor-heading-title elementor-size-default\">Mentions l\u00e9gales<\/h2>\t\t\t\t<\/div>\n\t\t\t\t<\/div>\n\t\t\t\t<\/div>\n\t\t<div class=\"elementor-element elementor-element-64c46e9 e-con-full e-flex e-con e-child\" data-id=\"64c46e9\" data-element_type=\"container\">\n\t\t\t\t<div class=\"elementor-element elementor-element-546cb33 elementor-widget elementor-widget-image\" data-id=\"546cb33\" data-element_type=\"widget\" data-widget_type=\"image.default\">\n\t\t\t\t<div class=\"elementor-widget-container\">\n\t\t\t\t\t\t\t\t\t\t\t\t\t\t\t<img decoding=\"async\" src=\"http:\/\/www.unisphere-formation.fr\/wp-content\/uploads\/2025\/05\/Capture-decran-2025-05-23-a-15.20.35.png\" title=\"\" alt=\"\" loading=\"lazy\" \/>\t\t\t\t\t\t\t\t\t\t\t\t\t\t\t<\/div>\n\t\t\t\t<\/div>\n\t\t\t\t<\/div>\n\t\t\t\t\t<\/div>\n\t\t\t\t<\/div>\n\t\t<div class=\"elementor-element elementor-element-44caf78 e-flex e-con-boxed e-con e-parent\" data-id=\"44caf78\" data-element_type=\"container\">\n\t\t\t\t\t<div class=\"e-con-inner\">\n\t\t<div class=\"elementor-element elementor-element-b36a4a5 e-con-full e-flex e-con e-child\" data-id=\"b36a4a5\" data-element_type=\"container\" data-settings=\"{&quot;background_background&quot;:&quot;classic&quot;}\">\n\t\t\t\t<div class=\"elementor-element elementor-element-3338aae elementor-widget elementor-widget-text-editor\" data-id=\"3338aae\" data-element_type=\"widget\" data-widget_type=\"text-editor.default\">\n\t\t\t\t<div class=\"elementor-widget-container\">\n\t\t\t\t\t\t\t\t\t<p data-start=\"96\" data-end=\"289\"><strong data-start=\"96\" data-end=\"115\">\u00c9diteur du site<\/strong><br data-start=\"115\" data-end=\"118\" \/>Unisphere \u2013No\u00e9mie DELEUIL<br data-start=\"151\" data-end=\"154\" \/>Forme juridique : Micro-entreprise\u00a0 \u00a0 \u00a0 \u00a0 \u00a0 \u00a0 \u00a0 \u00a0 \u00a0 \u00a0 \u00a0 \u00a0 \u00a0 \u00a0 \u00a0 \u00a0 \u00a0 \u00a0 \u00a0 \u00a0 \u00a0 \u00a0 \u00a0 \u00a0 \u00a0 \u00a0 \u00a0 \u00a0 \u00a0 \u00a0 \u00a0 \u00a0 \u00a0 \u00a0 \u00a0 \u00a0 \u00a0 \u00a0 \u00a0 \u00a0 \u00a0 \u00a0 \u00a0 \u00a0 \u00a0 \u00a0 \u00a0 \u00a0 \u00a0 \u00a0 \u00a0 \u00a0 \u00a0 \u00a0 \u00a0 \u00a0 \u00a0 \u00a0 \u00a0 \u00a0 \u00a0 \u00a0 \u00a0 \u00a0 \u00a0 \u00a0 \u00a0 \u00a0 \u00a0 \u00a0 \u00a0 \u00a0 \u00a0 \u00a0 \u00a0 \u00a0 \u00a0 \u00a0 \u00a0 \u00a0 \u00a0 \u00a0 \u00a0 \u00a0 \u00a0 \u00a0 \u00a0SIREN : 940 252 356<br data-start=\"194\" data-end=\"197\" \/>Si\u00e8ge social : 23 avenue des Caillols &#8211; 13012 Marseille<br data-start=\"227\" data-end=\"230\" \/>T\u00e9l\u00e9phone : 06.24.57.77.39<br data-start=\"256\" data-end=\"259\" \/>Email : contact@unisphere-formation.fr<\/p><p data-start=\"291\" data-end=\"350\"><strong data-start=\"291\" data-end=\"324\">Responsable de la publication<\/strong><br data-start=\"324\" data-end=\"327\" \/>No\u00e9mie DELEUIL<\/p><p data-start=\"352\" data-end=\"506\"><strong data-start=\"352\" data-end=\"367\">H\u00e9bergement<\/strong><br data-start=\"367\" data-end=\"370\" \/>OVH SAS<br data-start=\"377\" data-end=\"380\" \/>Si\u00e8ge social : 2 rue Kellermann \u2013 59100 Roubaix \u2013 France<br data-start=\"436\" data-end=\"439\" \/>T\u00e9l\u00e9phone : 1007 (num\u00e9ro gratuit depuis une ligne fixe en France)<\/p><p data-start=\"508\" data-end=\"957\"><strong data-start=\"508\" data-end=\"536\">Propri\u00e9t\u00e9 intellectuelle<\/strong><br data-start=\"536\" data-end=\"539\" \/>L\u2019ensemble du contenu de ce site (textes, formations, images, logo, graphismes) est prot\u00e9g\u00e9 par le droit d\u2019auteur et la propri\u00e9t\u00e9 intellectuelle. Toute reproduction, repr\u00e9sentation, modification, publication, transmission, d\u00e9naturation, totale ou partielle du site ou de son contenu, par quelque proc\u00e9d\u00e9 que ce soit, et sur quelque support que ce soit, est interdite sans l\u2019autorisation \u00e9crite pr\u00e9alable d\u2019Unisphere.<\/p><p><strong>Acc\u00e8s au site<\/strong><\/p><p class=\"Paragraphe\">Le Site est normalement accessible, \u00e0 tout moment, \u00e0 l&rsquo;Utilisateur. Toutefois, l&rsquo;Editeur pourra, \u00e0 tout moment, suspendre, limiter ou interrompre le Site afin de proc\u00e9der, notamment, \u00e0 des mises \u00e0 jour ou des modifications de son contenu. L&rsquo;Editeur ne pourra en aucun cas \u00eatre tenu responsable des cons\u00e9quences \u00e9ventuelles de cette indisponibilit\u00e9 sur les activit\u00e9s de l&rsquo;Utilisateur.<\/p><p data-start=\"959\" data-end=\"1441\"><strong data-start=\"959\" data-end=\"983\">Donn\u00e9es personnelles<\/strong><br data-start=\"983\" data-end=\"986\" \/>Les informations collect\u00e9es via le formulaire de contact (nom, pr\u00e9nom, adresse e-mail, t\u00e9l\u00e9phone) sont utilis\u00e9es uniquement pour r\u00e9pondre aux demandes et ne sont jamais transmises \u00e0 des tiers.<\/p><p data-start=\"959\" data-end=\"1441\">Les informations collect\u00e9es via le formulaire de contact sont conserv\u00e9es <strong data-start=\"1031\" data-end=\"1131\">le temps n\u00e9cessaire pour traiter votre demande et, au maximum, 2 ans apr\u00e8s votre dernier contact<\/strong>.<br data-start=\"1132\" data-end=\"1135\" \/>Pass\u00e9 ce d\u00e9lai, elles seront supprim\u00e9es de nos bases de donn\u00e9es.<\/p><p>L&rsquo;\u00e9diteur assure \u00e0 l&rsquo;utilisateur une collecte et un traitement des donn\u00e9es personnelles dans le respect de la vie priv\u00e9e conform\u00e9ment \u00e0 la loi n\u00b078-17 du 6 janvier 1978 relative \u00e0 l&rsquo;informatique, aux fichiers\u00a0 aux libert\u00e9s et dans le respect de la r\u00e8glementation applicable en mati\u00e8re de traitement des donn\u00e9es \u00e0 caract\u00e8re personnel conform\u00e9ment au r\u00e8glement (UE) 2016\/679 du Parlement europ\u00e9en et du Conseil du 27 avril 2016 (ci-apr\u00e8s, ensemble, la \u00ab\u00a0<strong>R\u00e8glementation applicable en mati\u00e8re de protection des Donn\u00e9es \u00e0 caract\u00e8re personnel<\/strong>\u00ab\u00a0).<\/p><p>\u00a0<\/p><p>En vertu de la R\u00e8glementation applicable en mati\u00e8re de protection des Donn\u00e9es \u00e0 caract\u00e8re personnel, l&rsquo;Utilisateur dispose d&rsquo;un droit d&rsquo;acc\u00e8s, de rectification, de suppression et d&rsquo;opposition de ses donn\u00e9es personnelles. L&rsquo;Utilisateur peut exercer ce droit :<\/p><ul><li>par mail \u00e0 l&rsquo;adresse email contact@unisphere-formation.fr<\/li><\/ul>\t\t\t\t\t\t\t\t<\/div>\n\t\t\t\t<\/div>\n\t\t\t\t<\/div>\n\t\t\t\t\t<\/div>\n\t\t\t\t<\/div>\n\t\t\t\t<\/div>\n\t\t","protected":false},"excerpt":{"rendered":"<p>\u00c9diteur du siteUnisphere \u2013No\u00e9mie DELEUILForme juridique : Micro-entreprise\u00a0 \u00a0 \u00a0 \u00a0 \u00a0 \u00a0 \u00a0 \u00a0 \u00a0 \u00a0 \u00a0 \u00a0 \u00a0 \u00a0 \u00a0 \u00a0 \u00a0 \u00a0 \u00a0 \u00a0 \u00a0 \u00a0 \u00a0 \u00a0 \u00a0 \u00a0 \u00a0 \u00a0 \u00a0 \u00a0 \u00a0 \u00a0 \u00a0 \u00a0 \u00a0 \u00a0 \u00a0 \u00a0 \u00a0 \u00a0 \u00a0 \u00a0 \u00a0 \u00a0 \u00a0 \u00a0 \u00a0 \u00a0 [&hellip;]<\/p>\n","protected":false},"author":1,"featured_media":0,"parent":0,"menu_order":0,"comment_status":"closed","ping_status":"closed","template":"","meta":{"footnotes":""},"class_list":["post-120","page","type-page","status-publish","hentry"],"yoast_head":"<!-- This site is optimized with the Yoast SEO plugin v25.0 - https:\/\/yoast.com\/wordpress\/plugins\/seo\/ -->\n<title>Mentions l\u00e9gales - Unisph\u00e8re Formation<\/title>\n<meta name=\"robots\" content=\"index, follow, max-snippet:-1, max-image-preview:large, max-video-preview:-1\" \/>\n<link rel=\"canonical\" href=\"https:\/\/www.unisphere-formation.fr\/index.php\/mentions-legales\/\" \/>\n<meta property=\"og:locale\" content=\"fr_FR\" \/>\n<meta property=\"og:type\" content=\"article\" \/>\n<meta property=\"og:title\" content=\"Mentions l\u00e9gales - Unisph\u00e8re Formation\" \/>\n<meta property=\"og:description\" content=\"\u00c9diteur du siteUnisphere \u2013No\u00e9mie DELEUILForme juridique : Micro-entreprise\u00a0 \u00a0 \u00a0 \u00a0 \u00a0 \u00a0 \u00a0 \u00a0 \u00a0 \u00a0 \u00a0 \u00a0 \u00a0 \u00a0 \u00a0 \u00a0 \u00a0 \u00a0 \u00a0 \u00a0 \u00a0 \u00a0 \u00a0 \u00a0 \u00a0 \u00a0 \u00a0 \u00a0 \u00a0 \u00a0 \u00a0 \u00a0 \u00a0 \u00a0 \u00a0 \u00a0 \u00a0 \u00a0 \u00a0 \u00a0 \u00a0 \u00a0 \u00a0 \u00a0 \u00a0 \u00a0 \u00a0 \u00a0 [&hellip;]\" \/>\n<meta property=\"og:url\" content=\"https:\/\/www.unisphere-formation.fr\/index.php\/mentions-legales\/\" \/>\n<meta property=\"og:site_name\" content=\"Unisph\u00e8re Formation\" \/>\n<meta property=\"article:modified_time\" content=\"2025-09-17T10:36:55+00:00\" \/>\n<meta property=\"og:image\" content=\"http:\/\/www.unisphere-formation.fr\/wp-content\/uploads\/2025\/05\/Capture-decran-2025-05-23-a-15.20.35.png\" \/>\n<meta name=\"twitter:card\" content=\"summary_large_image\" \/>\n<meta name=\"twitter:label1\" content=\"Dur\u00e9e de lecture estim\u00e9e\" \/>\n\t<meta name=\"twitter:data1\" content=\"3 minutes\" \/>\n<script type=\"application\/ld+json\" class=\"yoast-schema-graph\">{\"@context\":\"https:\/\/schema.org\",\"@graph\":[{\"@type\":\"WebPage\",\"@id\":\"https:\/\/www.unisphere-formation.fr\/index.php\/mentions-legales\/\",\"url\":\"https:\/\/www.unisphere-formation.fr\/index.php\/mentions-legales\/\",\"name\":\"Mentions l\u00e9gales - Unisph\u00e8re Formation\",\"isPartOf\":{\"@id\":\"https:\/\/www.unisphere-formation.fr\/#website\"},\"primaryImageOfPage\":{\"@id\":\"https:\/\/www.unisphere-formation.fr\/index.php\/mentions-legales\/#primaryimage\"},\"image\":{\"@id\":\"https:\/\/www.unisphere-formation.fr\/index.php\/mentions-legales\/#primaryimage\"},\"thumbnailUrl\":\"http:\/\/www.unisphere-formation.fr\/wp-content\/uploads\/2025\/05\/Capture-decran-2025-05-23-a-15.20.35.png\",\"datePublished\":\"2025-05-23T13:29:40+00:00\",\"dateModified\":\"2025-09-17T10:36:55+00:00\",\"breadcrumb\":{\"@id\":\"https:\/\/www.unisphere-formation.fr\/index.php\/mentions-legales\/#breadcrumb\"},\"inLanguage\":\"fr-FR\",\"potentialAction\":[{\"@type\":\"ReadAction\",\"target\":[\"https:\/\/www.unisphere-formation.fr\/index.php\/mentions-legales\/\"]}]},{\"@type\":\"ImageObject\",\"inLanguage\":\"fr-FR\",\"@id\":\"https:\/\/www.unisphere-formation.fr\/index.php\/mentions-legales\/#primaryimage\",\"url\":\"\",\"contentUrl\":\"\"},{\"@type\":\"BreadcrumbList\",\"@id\":\"https:\/\/www.unisphere-formation.fr\/index.php\/mentions-legales\/#breadcrumb\",\"itemListElement\":[{\"@type\":\"ListItem\",\"position\":1,\"name\":\"Accueil\",\"item\":\"https:\/\/www.unisphere-formation.fr\/\"},{\"@type\":\"ListItem\",\"position\":2,\"name\":\"Mentions l\u00e9gales\"}]},{\"@type\":\"WebSite\",\"@id\":\"https:\/\/www.unisphere-formation.fr\/#website\",\"url\":\"https:\/\/www.unisphere-formation.fr\/\",\"name\":\"Unisph\u00e8re Formation\",\"description\":\"Refonder les liens, renforcer l&#039;\u00e9quit\u00e9.\",\"publisher\":{\"@id\":\"https:\/\/www.unisphere-formation.fr\/#organization\"},\"potentialAction\":[{\"@type\":\"SearchAction\",\"target\":{\"@type\":\"EntryPoint\",\"urlTemplate\":\"https:\/\/www.unisphere-formation.fr\/?s={search_term_string}\"},\"query-input\":{\"@type\":\"PropertyValueSpecification\",\"valueRequired\":true,\"valueName\":\"search_term_string\"}}],\"inLanguage\":\"fr-FR\"},{\"@type\":\"Organization\",\"@id\":\"https:\/\/www.unisphere-formation.fr\/#organization\",\"name\":\"Unisph\u00e8re Formation\",\"url\":\"https:\/\/www.unisphere-formation.fr\/\",\"logo\":{\"@type\":\"ImageObject\",\"inLanguage\":\"fr-FR\",\"@id\":\"https:\/\/www.unisphere-formation.fr\/#\/schema\/logo\/image\/\",\"url\":\"https:\/\/www.unisphere-formation.fr\/wp-content\/uploads\/2025\/05\/LOGO-Mauve.png\",\"contentUrl\":\"https:\/\/www.unisphere-formation.fr\/wp-content\/uploads\/2025\/05\/LOGO-Mauve.png\",\"width\":700,\"height\":200,\"caption\":\"Unisph\u00e8re Formation\"},\"image\":{\"@id\":\"https:\/\/www.unisphere-formation.fr\/#\/schema\/logo\/image\/\"}}]}<\/script>\n<!-- \/ Yoast SEO plugin. -->","yoast_head_json":{"title":"Mentions l\u00e9gales - Unisph\u00e8re Formation","robots":{"index":"index","follow":"follow","max-snippet":"max-snippet:-1","max-image-preview":"max-image-preview:large","max-video-preview":"max-video-preview:-1"},"canonical":"https:\/\/www.unisphere-formation.fr\/index.php\/mentions-legales\/","og_locale":"fr_FR","og_type":"article","og_title":"Mentions l\u00e9gales - Unisph\u00e8re Formation","og_description":"\u00c9diteur du siteUnisphere \u2013No\u00e9mie DELEUILForme juridique : Micro-entreprise\u00a0 \u00a0 \u00a0 \u00a0 \u00a0 \u00a0 \u00a0 \u00a0 \u00a0 \u00a0 \u00a0 \u00a0 \u00a0 \u00a0 \u00a0 \u00a0 \u00a0 \u00a0 \u00a0 \u00a0 \u00a0 \u00a0 \u00a0 \u00a0 \u00a0 \u00a0 \u00a0 \u00a0 \u00a0 \u00a0 \u00a0 \u00a0 \u00a0 \u00a0 \u00a0 \u00a0 \u00a0 \u00a0 \u00a0 \u00a0 \u00a0 \u00a0 \u00a0 \u00a0 \u00a0 \u00a0 \u00a0 \u00a0 [&hellip;]","og_url":"https:\/\/www.unisphere-formation.fr\/index.php\/mentions-legales\/","og_site_name":"Unisph\u00e8re Formation","article_modified_time":"2025-09-17T10:36:55+00:00","og_image":[{"url":"http:\/\/www.unisphere-formation.fr\/wp-content\/uploads\/2025\/05\/Capture-decran-2025-05-23-a-15.20.35.png","type":"","width":"","height":""}],"twitter_card":"summary_large_image","twitter_misc":{"Dur\u00e9e de lecture estim\u00e9e":"3 minutes"},"schema":{"@context":"https:\/\/schema.org","@graph":[{"@type":"WebPage","@id":"https:\/\/www.unisphere-formation.fr\/index.php\/mentions-legales\/","url":"https:\/\/www.unisphere-formation.fr\/index.php\/mentions-legales\/","name":"Mentions l\u00e9gales - Unisph\u00e8re Formation","isPartOf":{"@id":"https:\/\/www.unisphere-formation.fr\/#website"},"primaryImageOfPage":{"@id":"https:\/\/www.unisphere-formation.fr\/index.php\/mentions-legales\/#primaryimage"},"image":{"@id":"https:\/\/www.unisphere-formation.fr\/index.php\/mentions-legales\/#primaryimage"},"thumbnailUrl":"http:\/\/www.unisphere-formation.fr\/wp-content\/uploads\/2025\/05\/Capture-decran-2025-05-23-a-15.20.35.png","datePublished":"2025-05-23T13:29:40+00:00","dateModified":"2025-09-17T10:36:55+00:00","breadcrumb":{"@id":"https:\/\/www.unisphere-formation.fr\/index.php\/mentions-legales\/#breadcrumb"},"inLanguage":"fr-FR","potentialAction":[{"@type":"ReadAction","target":["https:\/\/www.unisphere-formation.fr\/index.php\/mentions-legales\/"]}]},{"@type":"ImageObject","inLanguage":"fr-FR","@id":"https:\/\/www.unisphere-formation.fr\/index.php\/mentions-legales\/#primaryimage","url":"","contentUrl":""},{"@type":"BreadcrumbList","@id":"https:\/\/www.unisphere-formation.fr\/index.php\/mentions-legales\/#breadcrumb","itemListElement":[{"@type":"ListItem","position":1,"name":"Accueil","item":"https:\/\/www.unisphere-formation.fr\/"},{"@type":"ListItem","position":2,"name":"Mentions l\u00e9gales"}]},{"@type":"WebSite","@id":"https:\/\/www.unisphere-formation.fr\/#website","url":"https:\/\/www.unisphere-formation.fr\/","name":"Unisph\u00e8re Formation","description":"Refonder les liens, renforcer l&#039;\u00e9quit\u00e9.","publisher":{"@id":"https:\/\/www.unisphere-formation.fr\/#organization"},"potentialAction":[{"@type":"SearchAction","target":{"@type":"EntryPoint","urlTemplate":"https:\/\/www.unisphere-formation.fr\/?s={search_term_string}"},"query-input":{"@type":"PropertyValueSpecification","valueRequired":true,"valueName":"search_term_string"}}],"inLanguage":"fr-FR"},{"@type":"Organization","@id":"https:\/\/www.unisphere-formation.fr\/#organization","name":"Unisph\u00e8re Formation","url":"https:\/\/www.unisphere-formation.fr\/","logo":{"@type":"ImageObject","inLanguage":"fr-FR","@id":"https:\/\/www.unisphere-formation.fr\/#\/schema\/logo\/image\/","url":"https:\/\/www.unisphere-formation.fr\/wp-content\/uploads\/2025\/05\/LOGO-Mauve.png","contentUrl":"https:\/\/www.unisphere-formation.fr\/wp-content\/uploads\/2025\/05\/LOGO-Mauve.png","width":700,"height":200,"caption":"Unisph\u00e8re Formation"},"image":{"@id":"https:\/\/www.unisphere-formation.fr\/#\/schema\/logo\/image\/"}}]}},"jetpack_sharing_enabled":true,"_links":{"self":[{"href":"https:\/\/www.unisphere-formation.fr\/index.php\/wp-json\/wp\/v2\/pages\/120","targetHints":{"allow":["GET"]}}],"collection":[{"href":"https:\/\/www.unisphere-formation.fr\/index.php\/wp-json\/wp\/v2\/pages"}],"about":[{"href":"https:\/\/www.unisphere-formation.fr\/index.php\/wp-json\/wp\/v2\/types\/page"}],"author":[{"embeddable":true,"href":"https:\/\/www.unisphere-formation.fr\/index.php\/wp-json\/wp\/v2\/users\/1"}],"replies":[{"embeddable":true,"href":"https:\/\/www.unisphere-formation.fr\/index.php\/wp-json\/wp\/v2\/comments?post=120"}],"version-history":[{"count":13,"href":"https:\/\/www.unisphere-formation.fr\/index.php\/wp-json\/wp\/v2\/pages\/120\/revisions"}],"predecessor-version":[{"id":451,"href":"https:\/\/www.unisphere-formation.fr\/index.php\/wp-json\/wp\/v2\/pages\/120\/revisions\/451"}],"wp:attachment":[{"href":"https:\/\/www.unisphere-formation.fr\/index.php\/wp-json\/wp\/v2\/media?parent=120"}],"curies":[{"name":"wp","href":"https:\/\/api.w.org\/{rel}","templated":true}]}}