{"id":16,"date":"2025-05-08T17:31:39","date_gmt":"2025-05-08T15:31:39","guid":{"rendered":"https:\/\/www.unisphere-formation.fr\/?page_id=16"},"modified":"2025-09-22T14:51:54","modified_gmt":"2025-09-22T12:51:54","slug":"accueil","status":"publish","type":"page","link":"https:\/\/www.unisphere-formation.fr\/","title":{"rendered":"Accueil"},"content":{"rendered":"\t\t<div data-elementor-type=\"wp-page\" data-elementor-id=\"16\" class=\"elementor elementor-16\" data-elementor-post-type=\"page\">\n\t\t\t\t<div class=\"elementor-element elementor-element-0076baf e-flex e-con-boxed e-con e-parent\" data-id=\"0076baf\" data-element_type=\"container\" data-settings=\"{&quot;background_background&quot;:&quot;classic&quot;}\">\n\t\t\t\t\t<div class=\"e-con-inner\">\n\t\t<div class=\"elementor-element elementor-element-0f15b34 e-con-full e-flex e-con e-child\" data-id=\"0f15b34\" data-element_type=\"container\" data-settings=\"{&quot;background_background&quot;:&quot;gradient&quot;}\">\n\t\t\t\t<div class=\"elementor-element elementor-element-e630134 elementor-widget__width-initial elementor-widget elementor-widget-heading\" data-id=\"e630134\" data-element_type=\"widget\" data-widget_type=\"heading.default\">\n\t\t\t\t<div class=\"elementor-widget-container\">\n\t\t\t\t\t<h2 class=\"elementor-heading-title elementor-size-default\">Refonder les liens, renforcer l'\u00e9quit\u00e9<\/h2>\t\t\t\t<\/div>\n\t\t\t\t<\/div>\n\t\t\t\t<div class=\"elementor-element elementor-element-0941098 e-transform elementor-widget elementor-widget-text-editor\" data-id=\"0941098\" data-element_type=\"widget\" data-settings=\"{&quot;_transform_translateX_effect&quot;:{&quot;unit&quot;:&quot;px&quot;,&quot;size&quot;:&quot;&quot;,&quot;sizes&quot;:[]},&quot;_transform_translateX_effect_tablet&quot;:{&quot;unit&quot;:&quot;px&quot;,&quot;size&quot;:&quot;&quot;,&quot;sizes&quot;:[]},&quot;_transform_translateX_effect_mobile&quot;:{&quot;unit&quot;:&quot;px&quot;,&quot;size&quot;:&quot;&quot;,&quot;sizes&quot;:[]},&quot;_transform_translateY_effect&quot;:{&quot;unit&quot;:&quot;px&quot;,&quot;size&quot;:&quot;&quot;,&quot;sizes&quot;:[]},&quot;_transform_translateY_effect_tablet&quot;:{&quot;unit&quot;:&quot;px&quot;,&quot;size&quot;:&quot;&quot;,&quot;sizes&quot;:[]},&quot;_transform_translateY_effect_mobile&quot;:{&quot;unit&quot;:&quot;px&quot;,&quot;size&quot;:&quot;&quot;,&quot;sizes&quot;:[]}}\" data-widget_type=\"text-editor.default\">\n\t\t\t\t<div class=\"elementor-widget-container\">\n\t\t\t\t\t\t\t\t\t<p><strong>Unisph\u00e8re accompagne les organisations qui souhaitent construire une culture commune du respect et de l\u2019\u00e9galit\u00e9<\/strong>, en conformit\u00e9 avec les obligations l\u00e9gales en mati\u00e8re de sant\u00e9, de s\u00e9curit\u00e9 et de pr\u00e9vention des violences.<\/p><p><strong>Notre approche est n\u00e9e du terrain, au contact des publics, des \u00e9quipes et des situations concr\u00e8tes.<\/strong> Nous allions cette exp\u00e9rience v\u00e9cue \u00e0 une expertise juridique et psychosociale, pour proposer des accompagnements r\u00e9ellement adapt\u00e9s aux besoins des organisations.<\/p><p>Nous intervenons en <strong>sensibilisation, formation, soutien et conseil strat\u00e9gique<\/strong>, principalement dans la lutte contre les violences sexistes et sexuelles (VSS) et la promotion de l\u2019\u00e9galit\u00e9, <strong>mais aussi plus largement dans le champ du droit, en fonction des besoins de chaque structure<\/strong>.<\/p><p>Bas\u00e9es \u00e0 <strong>Marseille<\/strong>, nous nous d\u00e9pla\u00e7ons partout o\u00f9 des<strong>\u00a0interventions sont n\u00e9cessaires.<\/strong><\/p>\t\t\t\t\t\t\t\t<\/div>\n\t\t\t\t<\/div>\n\t\t\t\t<div class=\"elementor-element elementor-element-0c1ce59 elementor-widget elementor-widget-button\" data-id=\"0c1ce59\" data-element_type=\"widget\" data-widget_type=\"button.default\">\n\t\t\t\t<div class=\"elementor-widget-container\">\n\t\t\t\t\t\t\t\t\t<div class=\"elementor-button-wrapper\">\n\t\t\t\t\t<a class=\"elementor-button elementor-button-link elementor-size-sm\" href=\"#\">\n\t\t\t\t\t\t<span class=\"elementor-button-content-wrapper\">\n\t\t\t\t\t\t<span class=\"elementor-button-icon\">\n\t\t\t\t<svg aria-hidden=\"true\" class=\"e-font-icon-svg e-fas-arrow-right\" viewBox=\"0 0 448 512\" xmlns=\"http:\/\/www.w3.org\/2000\/svg\"><path d=\"M190.5 66.9l22.2-22.2c9.4-9.4 24.6-9.4 33.9 0L441 239c9.4 9.4 9.4 24.6 0 33.9L246.6 467.3c-9.4 9.4-24.6 9.4-33.9 0l-22.2-22.2c-9.5-9.5-9.3-25 .4-34.3L311.4 296H24c-13.3 0-24-10.7-24-24v-32c0-13.3 10.7-24 24-24h287.4L190.9 101.2c-9.8-9.3-10-24.8-.4-34.3z\"><\/path><\/svg>\t\t\t<\/span>\n\t\t\t\t\t\t\t\t\t<span class=\"elementor-button-text\">Contact<\/span>\n\t\t\t\t\t<\/span>\n\t\t\t\t\t<\/a>\n\t\t\t\t<\/div>\n\t\t\t\t\t\t\t\t<\/div>\n\t\t\t\t<\/div>\n\t\t\t\t<\/div>\n\t\t\t\t\t<\/div>\n\t\t\t\t<\/div>\n\t\t<div class=\"elementor-element elementor-element-dc5411c e-flex e-con-boxed e-con e-parent\" data-id=\"dc5411c\" data-element_type=\"container\" data-settings=\"{&quot;background_background&quot;:&quot;classic&quot;}\">\n\t\t\t\t\t<div class=\"e-con-inner\">\n\t\t<div class=\"elementor-element elementor-element-d3e29f0 e-con-full e-flex e-con e-child\" data-id=\"d3e29f0\" data-element_type=\"container\">\n\t\t\t\t<div class=\"elementor-element elementor-element-b8d05be elementor-widget elementor-widget-image\" data-id=\"b8d05be\" data-element_type=\"widget\" data-widget_type=\"image.default\">\n\t\t\t\t<div class=\"elementor-widget-container\">\n\t\t\t\t\t\t\t\t\t\t\t\t\t\t\t<img fetchpriority=\"high\" decoding=\"async\" width=\"800\" height=\"800\" src=\"https:\/\/www.unisphere-formation.fr\/wp-content\/uploads\/2025\/07\/diversity-90-1024x1024.png\" class=\"attachment-large size-large wp-image-260\" alt=\"\" srcset=\"https:\/\/www.unisphere-formation.fr\/wp-content\/uploads\/2025\/07\/diversity-90-1024x1024.png 1024w, https:\/\/www.unisphere-formation.fr\/wp-content\/uploads\/2025\/07\/diversity-90-300x300.png 300w, https:\/\/www.unisphere-formation.fr\/wp-content\/uploads\/2025\/07\/diversity-90-150x150.png 150w, https:\/\/www.unisphere-formation.fr\/wp-content\/uploads\/2025\/07\/diversity-90-768x768.png 768w, https:\/\/www.unisphere-formation.fr\/wp-content\/uploads\/2025\/07\/diversity-90-1536x1536.png 1536w, https:\/\/www.unisphere-formation.fr\/wp-content\/uploads\/2025\/07\/diversity-90.png 1563w\" sizes=\"(max-width: 800px) 100vw, 800px\" \/>\t\t\t\t\t\t\t\t\t\t\t\t\t\t\t<\/div>\n\t\t\t\t<\/div>\n\t\t\t\t<\/div>\n\t\t<div class=\"elementor-element elementor-element-de248d7 e-con-full e-flex e-con e-child\" data-id=\"de248d7\" data-element_type=\"container\">\n\t\t\t\t<div class=\"elementor-element elementor-element-31e6546 elementor-widget elementor-widget-heading\" data-id=\"31e6546\" data-element_type=\"widget\" data-widget_type=\"heading.default\">\n\t\t\t\t<div class=\"elementor-widget-container\">\n\t\t\t\t\t<h3 class=\"elementor-heading-title elementor-size-default\">Notre expertise s'adresse : <\/h3>\t\t\t\t<\/div>\n\t\t\t\t<\/div>\n\t\t\t\t<div class=\"elementor-element elementor-element-8db437b elementor-widget elementor-widget-text-editor\" data-id=\"8db437b\" data-element_type=\"widget\" data-widget_type=\"text-editor.default\">\n\t\t\t\t<div class=\"elementor-widget-container\">\n\t\t\t\t\t\t\t\t\t<ul><li>Aux <strong>entreprises, collectivit\u00e9s publiques<\/strong> et <strong>associations<\/strong> soucieuses de pr\u00e9venir les risques, de se conformer \u00e0 la r\u00e9glementation, et de faire vivre une culture de respect et d\u2019\u00e9galit\u00e9.<\/li><li>Aux <strong>\u00e9tablissements du sup\u00e9rieur<\/strong> mobilis\u00e9s pour pr\u00e9venir les VSS, former leurs \u00e9tudiantes, \u00e9tudiants et personnels, et structurer une r\u00e9ponse institutionnelle p\u00e9renne.<\/li><li><strong>Et plus largement, \u00e0 toute organisation souhaitant b\u00e9n\u00e9ficier d\u2019un accompagnement juridique accessible et rigoureux, en lien avec ses enjeux internes.<\/strong><\/li><\/ul>\t\t\t\t\t\t\t\t<\/div>\n\t\t\t\t<\/div>\n\t\t\t\t<\/div>\n\t\t\t\t\t<\/div>\n\t\t\t\t<\/div>\n\t\t<div class=\"elementor-element elementor-element-28e0eaa e-flex e-con-boxed e-con e-parent\" data-id=\"28e0eaa\" data-element_type=\"container\" data-settings=\"{&quot;background_background&quot;:&quot;classic&quot;}\">\n\t\t\t\t\t<div class=\"e-con-inner\">\n\t\t\t\t\t<\/div>\n\t\t\t\t<\/div>\n\t\t<div class=\"elementor-element elementor-element-c35356e e-grid e-con-boxed e-con e-parent\" data-id=\"c35356e\" data-element_type=\"container\">\n\t\t\t\t\t<div class=\"e-con-inner\">\n\t\t\t\t<div class=\"elementor-element elementor-element-2b81ced elementor-flip-box--effect-flip elementor-flip-box--direction-up elementor-widget elementor-widget-flip-box\" data-id=\"2b81ced\" data-element_type=\"widget\" data-settings=\"{&quot;_animation&quot;:&quot;none&quot;}\" data-widget_type=\"flip-box.default\">\n\t\t\t\t<div class=\"elementor-widget-container\">\n\t\t\t\t\t\t\t<div class=\"elementor-flip-box\" tabindex=\"0\">\n\t\t\t<div class=\"elementor-flip-box__layer elementor-flip-box__front\">\n\t\t\t\t<div class=\"elementor-flip-box__layer__overlay\">\n\t\t\t\t\t<div class=\"elementor-flip-box__layer__inner\">\n\t\t\t\t\t\t\t\t\t\t\t\t\t<div class=\"elementor-icon-wrapper elementor-view-default\">\n\t\t\t\t\t\t\t\t<div class=\"elementor-icon\">\n\t\t\t\t\t\t\t\t\t<svg class=\"e-font-icon-svg e-fas-book-open\" viewBox=\"0 0 576 512\" xmlns=\"http:\/\/www.w3.org\/2000\/svg\"><path d=\"M542.22 32.05c-54.8 3.11-163.72 14.43-230.96 55.59-4.64 2.84-7.27 7.89-7.27 13.17v363.87c0 11.55 12.63 18.85 23.28 13.49 69.18-34.82 169.23-44.32 218.7-46.92 16.89-.89 30.02-14.43 30.02-30.66V62.75c.01-17.71-15.35-31.74-33.77-30.7zM264.73 87.64C197.5 46.48 88.58 35.17 33.78 32.05 15.36 31.01 0 45.04 0 62.75V400.6c0 16.24 13.13 29.78 30.02 30.66 49.49 2.6 149.59 12.11 218.77 46.95 10.62 5.35 23.21-1.94 23.21-13.46V100.63c0-5.29-2.62-10.14-7.27-12.99z\"><\/path><\/svg>\t\t\t\t\t\t\t\t<\/div>\n\t\t\t\t\t\t\t<\/div>\n\t\t\t\t\t\t\n\t\t\t\t\t\t\t\t\t\t\t\t\t<h3 class=\"elementor-flip-box__layer__title\">\n\t\t\t\t\t\t\t\tFormation \t\t\t\t\t\t\t<\/h3>\n\t\t\t\t\t\t\n\t\t\t\t\t\t\t\t\t\t\t\t\t<div class=\"elementor-flip-box__layer__description\">\n\t\t\t\t\t\t\t\tTransmettre pour agir\t\t\t\t\t\t\t<\/div>\n\t\t\t\t\t\t\t\t\t\t\t<\/div>\n\t\t\t\t<\/div>\n\t\t\t<\/div>\n\t\t\t<div class=\"elementor-flip-box__layer elementor-flip-box__back\">\n\t\t\t<div class=\"elementor-flip-box__layer__overlay\">\n\t\t\t\t<div class=\"elementor-flip-box__layer__inner\">\n\t\t\t\t\t\t\t\t\t\t\t<h3 class=\"elementor-flip-box__layer__title\">\n\t\t\t\t\t\t\tFormation\t\t\t\t\t\t<\/h3>\n\t\t\t\t\t\n\t\t\t\t\t\t\t\t\t\t\t<div class=\"elementor-flip-box__layer__description\">\n\t\t\t\t\t\t\tApports juridiques, outils pratiques et mises en situation pour renforcer les comp\u00e9tences d\u2019action.\nDes contenus adapt\u00e9s \u00e0 chaque public.\t\t\t\t\t\t<\/div>\n\t\t\t\t\t\n\t\t\t\t\t\t\t\t\t\t\t<a class=\"elementor-flip-box__button elementor-button elementor-size-sm\">\n\t\t\t\t\t\t\tCliquez ici\t\t\t\t\t\t<\/a>\n\t\t\t\t\t\t\t\t<\/div>\n\t\t<\/div>\n\t\t<\/div>\n\t\t<\/div>\n\t\t\t\t\t\t<\/div>\n\t\t\t\t<\/div>\n\t\t\t\t<div class=\"elementor-element elementor-element-60dcdc9 elementor-flip-box--effect-flip elementor-flip-box--direction-up elementor-widget elementor-widget-flip-box\" data-id=\"60dcdc9\" data-element_type=\"widget\" data-widget_type=\"flip-box.default\">\n\t\t\t\t<div class=\"elementor-widget-container\">\n\t\t\t\t\t\t\t<div class=\"elementor-flip-box\" tabindex=\"0\">\n\t\t\t<div class=\"elementor-flip-box__layer elementor-flip-box__front\">\n\t\t\t\t<div class=\"elementor-flip-box__layer__overlay\">\n\t\t\t\t\t<div class=\"elementor-flip-box__layer__inner\">\n\t\t\t\t\t\t\t\t\t\t\t\t\t<div class=\"elementor-icon-wrapper elementor-view-default\">\n\t\t\t\t\t\t\t\t<div class=\"elementor-icon\">\n\t\t\t\t\t\t\t\t\t<svg class=\"e-font-icon-svg e-far-lightbulb\" viewBox=\"0 0 352 512\" xmlns=\"http:\/\/www.w3.org\/2000\/svg\"><path d=\"M176 80c-52.94 0-96 43.06-96 96 0 8.84 7.16 16 16 16s16-7.16 16-16c0-35.3 28.72-64 64-64 8.84 0 16-7.16 16-16s-7.16-16-16-16zM96.06 459.17c0 3.15.93 6.22 2.68 8.84l24.51 36.84c2.97 4.46 7.97 7.14 13.32 7.14h78.85c5.36 0 10.36-2.68 13.32-7.14l24.51-36.84c1.74-2.62 2.67-5.7 2.68-8.84l.05-43.18H96.02l.04 43.18zM176 0C73.72 0 0 82.97 0 176c0 44.37 16.45 84.85 43.56 115.78 16.64 18.99 42.74 58.8 52.42 92.16v.06h48v-.12c-.01-4.77-.72-9.51-2.15-14.07-5.59-17.81-22.82-64.77-62.17-109.67-20.54-23.43-31.52-53.15-31.61-84.14-.2-73.64 59.67-128 127.95-128 70.58 0 128 57.42 128 128 0 30.97-11.24 60.85-31.65 84.14-39.11 44.61-56.42 91.47-62.1 109.46a47.507 47.507 0 0 0-2.22 14.3v.1h48v-.05c9.68-33.37 35.78-73.18 52.42-92.16C335.55 260.85 352 220.37 352 176 352 78.8 273.2 0 176 0z\"><\/path><\/svg>\t\t\t\t\t\t\t\t<\/div>\n\t\t\t\t\t\t\t<\/div>\n\t\t\t\t\t\t\n\t\t\t\t\t\t\t\t\t\t\t\t\t<h3 class=\"elementor-flip-box__layer__title\">\n\t\t\t\t\t\t\t\tSensibiliation\t\t\t\t\t\t\t<\/h3>\n\t\t\t\t\t\t\n\t\t\t\t\t\t\t\t\t\t\t\t\t<div class=\"elementor-flip-box__layer__description\">\n\t\t\t\t\t\t\t\tComprendre les enjeux\t\t\t\t\t\t\t<\/div>\n\t\t\t\t\t\t\t\t\t\t\t<\/div>\n\t\t\t\t<\/div>\n\t\t\t<\/div>\n\t\t\t<div class=\"elementor-flip-box__layer elementor-flip-box__back\">\n\t\t\t<div class=\"elementor-flip-box__layer__overlay\">\n\t\t\t\t<div class=\"elementor-flip-box__layer__inner\">\n\t\t\t\t\t\t\t\t\t\t\t<h3 class=\"elementor-flip-box__layer__title\">\n\t\t\t\t\t\t\tSensibilisation\t\t\t\t\t\t<\/h3>\n\t\t\t\t\t\n\t\t\t\t\t\t\t\t\t\t\t<div class=\"elementor-flip-box__layer__description\">\n\t\t\t\t\t\t\tInterventions pour donner les cl\u00e9s de compr\u00e9hension, pr\u00e9venir et ouvrir le dialogue en milieu professionnel ou \u00e9tudiant et cr\u00e9er une culture commune.\t\t\t\t\t\t<\/div>\n\t\t\t\t\t\n\t\t\t\t\t\t\t\t\t\t\t<a class=\"elementor-flip-box__button elementor-button elementor-size-sm\">\n\t\t\t\t\t\t\tCliquer ici\t\t\t\t\t\t<\/a>\n\t\t\t\t\t\t\t\t<\/div>\n\t\t<\/div>\n\t\t<\/div>\n\t\t<\/div>\n\t\t\t\t\t\t<\/div>\n\t\t\t\t<\/div>\n\t\t\t\t<div class=\"elementor-element elementor-element-a1be099 elementor-flip-box--effect-flip elementor-flip-box--direction-up elementor-widget elementor-widget-flip-box\" data-id=\"a1be099\" data-element_type=\"widget\" data-widget_type=\"flip-box.default\">\n\t\t\t\t<div class=\"elementor-widget-container\">\n\t\t\t\t\t\t\t<div class=\"elementor-flip-box\" tabindex=\"0\">\n\t\t\t<div class=\"elementor-flip-box__layer elementor-flip-box__front\">\n\t\t\t\t<div class=\"elementor-flip-box__layer__overlay\">\n\t\t\t\t\t<div class=\"elementor-flip-box__layer__inner\">\n\t\t\t\t\t\t\t\t\t\t\t\t\t<div class=\"elementor-icon-wrapper elementor-view-default\">\n\t\t\t\t\t\t\t\t<div class=\"elementor-icon\">\n\t\t\t\t\t\t\t\t\t<svg class=\"e-font-icon-svg e-fas-hands-helping\" viewBox=\"0 0 640 512\" xmlns=\"http:\/\/www.w3.org\/2000\/svg\"><path d=\"M488 192H336v56c0 39.7-32.3 72-72 72s-72-32.3-72-72V126.4l-64.9 39C107.8 176.9 96 197.8 96 220.2v47.3l-80 46.2C.7 322.5-4.6 342.1 4.3 357.4l80 138.6c8.8 15.3 28.4 20.5 43.7 11.7L231.4 448H368c35.3 0 64-28.7 64-64h16c17.7 0 32-14.3 32-32v-64h8c13.3 0 24-10.7 24-24v-48c0-13.3-10.7-24-24-24zm147.7-37.4L555.7 16C546.9.7 527.3-4.5 512 4.3L408.6 64H306.4c-12 0-23.7 3.4-33.9 9.7L239 94.6c-9.4 5.8-15 16.1-15 27.1V248c0 22.1 17.9 40 40 40s40-17.9 40-40v-88h184c30.9 0 56 25.1 56 56v28.5l80-46.2c15.3-8.9 20.5-28.4 11.7-43.7z\"><\/path><\/svg>\t\t\t\t\t\t\t\t<\/div>\n\t\t\t\t\t\t\t<\/div>\n\t\t\t\t\t\t\n\t\t\t\t\t\t\t\t\t\t\t\t\t<h3 class=\"elementor-flip-box__layer__title\">\n\t\t\t\t\t\t\t\tAccompagnement\t\t\t\t\t\t\t<\/h3>\n\t\t\t\t\t\t\n\t\t\t\t\t\t\t\t\t\t\t\t\t<div class=\"elementor-flip-box__layer__description\">\n\t\t\t\t\t\t\t\tSoutenir vos d\u00e9marches\t\t\t\t\t\t\t<\/div>\n\t\t\t\t\t\t\t\t\t\t\t<\/div>\n\t\t\t\t<\/div>\n\t\t\t<\/div>\n\t\t\t<div class=\"elementor-flip-box__layer elementor-flip-box__back\">\n\t\t\t<div class=\"elementor-flip-box__layer__overlay\">\n\t\t\t\t<div class=\"elementor-flip-box__layer__inner\">\n\t\t\t\t\t\t\t\t\t\t\t<h3 class=\"elementor-flip-box__layer__title\">\n\t\t\t\t\t\t\tAccompagnement\t\t\t\t\t\t<\/h3>\n\t\t\t\t\t\n\t\t\t\t\t\t\t\t\t\t\t<div class=\"elementor-flip-box__layer__description\">\n\t\t\t\t\t\t\tUn accompagnement sur mesure pour structurer vos actions, s\u00e9curiser vos proc\u00e9dures et r\u00e9pondre aux situations sensibles.\t\t\t\t\t\t<\/div>\n\t\t\t\t\t\n\t\t\t\t\t\t\t\t\t\t\t<a class=\"elementor-flip-box__button elementor-button elementor-size-sm\">\n\t\t\t\t\t\t\tCliquer ici\t\t\t\t\t\t<\/a>\n\t\t\t\t\t\t\t\t<\/div>\n\t\t<\/div>\n\t\t<\/div>\n\t\t<\/div>\n\t\t\t\t\t\t<\/div>\n\t\t\t\t<\/div>\n\t\t\t\t\t<\/div>\n\t\t\t\t<\/div>\n\t\t<div class=\"elementor-element elementor-element-b285107 e-flex e-con-boxed e-con e-parent\" data-id=\"b285107\" data-element_type=\"container\" data-settings=\"{&quot;background_background&quot;:&quot;classic&quot;}\">\n\t\t\t\t\t<div class=\"e-con-inner\">\n\t\t\t\t\t<\/div>\n\t\t\t\t<\/div>\n\t\t\t\t<\/div>\n\t\t","protected":false},"excerpt":{"rendered":"<p>Refonder les liens, renforcer l&rsquo;\u00e9quit\u00e9 Unisph\u00e8re accompagne les organisations qui souhaitent construire une culture commune du respect et de l\u2019\u00e9galit\u00e9, en conformit\u00e9 avec les obligations l\u00e9gales en mati\u00e8re de sant\u00e9, de s\u00e9curit\u00e9 et de pr\u00e9vention des violences. Notre approche est n\u00e9e du terrain, au contact des publics, des \u00e9quipes et des situations concr\u00e8tes. Nous allions [&hellip;]<\/p>\n","protected":false},"author":1,"featured_media":0,"parent":0,"menu_order":0,"comment_status":"closed","ping_status":"closed","template":"","meta":{"footnotes":""},"class_list":["post-16","page","type-page","status-publish","hentry"],"yoast_head":"<!-- This site is optimized with the Yoast SEO plugin v25.0 - https:\/\/yoast.com\/wordpress\/plugins\/seo\/ -->\n<title>Accueil - Unisph\u00e8re Formation<\/title>\n<meta name=\"robots\" content=\"index, follow, max-snippet:-1, max-image-preview:large, max-video-preview:-1\" \/>\n<link rel=\"canonical\" href=\"https:\/\/www.unisphere-formation.fr\/\" \/>\n<meta property=\"og:locale\" content=\"fr_FR\" \/>\n<meta property=\"og:type\" content=\"article\" \/>\n<meta property=\"og:title\" content=\"Accueil - Unisph\u00e8re Formation\" \/>\n<meta property=\"og:description\" content=\"Refonder les liens, renforcer l&rsquo;\u00e9quit\u00e9 Unisph\u00e8re accompagne les organisations qui souhaitent construire une culture commune du respect et de l\u2019\u00e9galit\u00e9, en conformit\u00e9 avec les obligations l\u00e9gales en mati\u00e8re de sant\u00e9, de s\u00e9curit\u00e9 et de pr\u00e9vention des violences. Notre approche est n\u00e9e du terrain, au contact des publics, des \u00e9quipes et des situations concr\u00e8tes. Nous allions [&hellip;]\" \/>\n<meta property=\"og:url\" content=\"https:\/\/www.unisphere-formation.fr\/\" \/>\n<meta property=\"og:site_name\" content=\"Unisph\u00e8re Formation\" \/>\n<meta property=\"article:modified_time\" content=\"2025-09-22T12:51:54+00:00\" \/>\n<meta property=\"og:image\" content=\"http:\/\/www.unisphere-formation.fr\/wp-content\/uploads\/2025\/07\/diversity-90-1024x1024.png\" \/>\n<meta name=\"twitter:card\" content=\"summary_large_image\" \/>\n<meta name=\"twitter:label1\" content=\"Dur\u00e9e de lecture estim\u00e9e\" \/>\n\t<meta name=\"twitter:data1\" content=\"2 minutes\" \/>\n<script type=\"application\/ld+json\" class=\"yoast-schema-graph\">{\"@context\":\"https:\/\/schema.org\",\"@graph\":[{\"@type\":\"WebPage\",\"@id\":\"https:\/\/www.unisphere-formation.fr\/\",\"url\":\"https:\/\/www.unisphere-formation.fr\/\",\"name\":\"Accueil - Unisph\u00e8re Formation\",\"isPartOf\":{\"@id\":\"https:\/\/www.unisphere-formation.fr\/#website\"},\"primaryImageOfPage\":{\"@id\":\"https:\/\/www.unisphere-formation.fr\/#primaryimage\"},\"image\":{\"@id\":\"https:\/\/www.unisphere-formation.fr\/#primaryimage\"},\"thumbnailUrl\":\"http:\/\/www.unisphere-formation.fr\/wp-content\/uploads\/2025\/07\/diversity-90-1024x1024.png\",\"datePublished\":\"2025-05-08T15:31:39+00:00\",\"dateModified\":\"2025-09-22T12:51:54+00:00\",\"breadcrumb\":{\"@id\":\"https:\/\/www.unisphere-formation.fr\/#breadcrumb\"},\"inLanguage\":\"fr-FR\",\"potentialAction\":[{\"@type\":\"ReadAction\",\"target\":[\"https:\/\/www.unisphere-formation.fr\/\"]}]},{\"@type\":\"ImageObject\",\"inLanguage\":\"fr-FR\",\"@id\":\"https:\/\/www.unisphere-formation.fr\/#primaryimage\",\"url\":\"https:\/\/www.unisphere-formation.fr\/wp-content\/uploads\/2025\/07\/diversity-90.png\",\"contentUrl\":\"https:\/\/www.unisphere-formation.fr\/wp-content\/uploads\/2025\/07\/diversity-90.png\",\"width\":1563,\"height\":1563},{\"@type\":\"BreadcrumbList\",\"@id\":\"https:\/\/www.unisphere-formation.fr\/#breadcrumb\",\"itemListElement\":[{\"@type\":\"ListItem\",\"position\":1,\"name\":\"Accueil\",\"item\":\"https:\/\/www.unisphere-formation.fr\/\"},{\"@type\":\"ListItem\",\"position\":2,\"name\":\"Accueil\"}]},{\"@type\":\"WebSite\",\"@id\":\"https:\/\/www.unisphere-formation.fr\/#website\",\"url\":\"https:\/\/www.unisphere-formation.fr\/\",\"name\":\"Unisph\u00e8re Formation\",\"description\":\"Refonder les liens, renforcer l&#039;\u00e9quit\u00e9.\",\"publisher\":{\"@id\":\"https:\/\/www.unisphere-formation.fr\/#organization\"},\"potentialAction\":[{\"@type\":\"SearchAction\",\"target\":{\"@type\":\"EntryPoint\",\"urlTemplate\":\"https:\/\/www.unisphere-formation.fr\/?s={search_term_string}\"},\"query-input\":{\"@type\":\"PropertyValueSpecification\",\"valueRequired\":true,\"valueName\":\"search_term_string\"}}],\"inLanguage\":\"fr-FR\"},{\"@type\":\"Organization\",\"@id\":\"https:\/\/www.unisphere-formation.fr\/#organization\",\"name\":\"Unisph\u00e8re Formation\",\"url\":\"https:\/\/www.unisphere-formation.fr\/\",\"logo\":{\"@type\":\"ImageObject\",\"inLanguage\":\"fr-FR\",\"@id\":\"https:\/\/www.unisphere-formation.fr\/#\/schema\/logo\/image\/\",\"url\":\"https:\/\/www.unisphere-formation.fr\/wp-content\/uploads\/2025\/05\/LOGO-Mauve.png\",\"contentUrl\":\"https:\/\/www.unisphere-formation.fr\/wp-content\/uploads\/2025\/05\/LOGO-Mauve.png\",\"width\":700,\"height\":200,\"caption\":\"Unisph\u00e8re Formation\"},\"image\":{\"@id\":\"https:\/\/www.unisphere-formation.fr\/#\/schema\/logo\/image\/\"}}]}<\/script>\n<!-- \/ Yoast SEO plugin. -->","yoast_head_json":{"title":"Accueil - Unisph\u00e8re Formation","robots":{"index":"index","follow":"follow","max-snippet":"max-snippet:-1","max-image-preview":"max-image-preview:large","max-video-preview":"max-video-preview:-1"},"canonical":"https:\/\/www.unisphere-formation.fr\/","og_locale":"fr_FR","og_type":"article","og_title":"Accueil - Unisph\u00e8re Formation","og_description":"Refonder les liens, renforcer l&rsquo;\u00e9quit\u00e9 Unisph\u00e8re accompagne les organisations qui souhaitent construire une culture commune du respect et de l\u2019\u00e9galit\u00e9, en conformit\u00e9 avec les obligations l\u00e9gales en mati\u00e8re de sant\u00e9, de s\u00e9curit\u00e9 et de pr\u00e9vention des violences. Notre approche est n\u00e9e du terrain, au contact des publics, des \u00e9quipes et des situations concr\u00e8tes. Nous allions [&hellip;]","og_url":"https:\/\/www.unisphere-formation.fr\/","og_site_name":"Unisph\u00e8re Formation","article_modified_time":"2025-09-22T12:51:54+00:00","og_image":[{"url":"http:\/\/www.unisphere-formation.fr\/wp-content\/uploads\/2025\/07\/diversity-90-1024x1024.png","type":"","width":"","height":""}],"twitter_card":"summary_large_image","twitter_misc":{"Dur\u00e9e de lecture estim\u00e9e":"2 minutes"},"schema":{"@context":"https:\/\/schema.org","@graph":[{"@type":"WebPage","@id":"https:\/\/www.unisphere-formation.fr\/","url":"https:\/\/www.unisphere-formation.fr\/","name":"Accueil - Unisph\u00e8re Formation","isPartOf":{"@id":"https:\/\/www.unisphere-formation.fr\/#website"},"primaryImageOfPage":{"@id":"https:\/\/www.unisphere-formation.fr\/#primaryimage"},"image":{"@id":"https:\/\/www.unisphere-formation.fr\/#primaryimage"},"thumbnailUrl":"http:\/\/www.unisphere-formation.fr\/wp-content\/uploads\/2025\/07\/diversity-90-1024x1024.png","datePublished":"2025-05-08T15:31:39+00:00","dateModified":"2025-09-22T12:51:54+00:00","breadcrumb":{"@id":"https:\/\/www.unisphere-formation.fr\/#breadcrumb"},"inLanguage":"fr-FR","potentialAction":[{"@type":"ReadAction","target":["https:\/\/www.unisphere-formation.fr\/"]}]},{"@type":"ImageObject","inLanguage":"fr-FR","@id":"https:\/\/www.unisphere-formation.fr\/#primaryimage","url":"https:\/\/www.unisphere-formation.fr\/wp-content\/uploads\/2025\/07\/diversity-90.png","contentUrl":"https:\/\/www.unisphere-formation.fr\/wp-content\/uploads\/2025\/07\/diversity-90.png","width":1563,"height":1563},{"@type":"BreadcrumbList","@id":"https:\/\/www.unisphere-formation.fr\/#breadcrumb","itemListElement":[{"@type":"ListItem","position":1,"name":"Accueil","item":"https:\/\/www.unisphere-formation.fr\/"},{"@type":"ListItem","position":2,"name":"Accueil"}]},{"@type":"WebSite","@id":"https:\/\/www.unisphere-formation.fr\/#website","url":"https:\/\/www.unisphere-formation.fr\/","name":"Unisph\u00e8re Formation","description":"Refonder les liens, renforcer l&#039;\u00e9quit\u00e9.","publisher":{"@id":"https:\/\/www.unisphere-formation.fr\/#organization"},"potentialAction":[{"@type":"SearchAction","target":{"@type":"EntryPoint","urlTemplate":"https:\/\/www.unisphere-formation.fr\/?s={search_term_string}"},"query-input":{"@type":"PropertyValueSpecification","valueRequired":true,"valueName":"search_term_string"}}],"inLanguage":"fr-FR"},{"@type":"Organization","@id":"https:\/\/www.unisphere-formation.fr\/#organization","name":"Unisph\u00e8re Formation","url":"https:\/\/www.unisphere-formation.fr\/","logo":{"@type":"ImageObject","inLanguage":"fr-FR","@id":"https:\/\/www.unisphere-formation.fr\/#\/schema\/logo\/image\/","url":"https:\/\/www.unisphere-formation.fr\/wp-content\/uploads\/2025\/05\/LOGO-Mauve.png","contentUrl":"https:\/\/www.unisphere-formation.fr\/wp-content\/uploads\/2025\/05\/LOGO-Mauve.png","width":700,"height":200,"caption":"Unisph\u00e8re Formation"},"image":{"@id":"https:\/\/www.unisphere-formation.fr\/#\/schema\/logo\/image\/"}}]}},"jetpack_sharing_enabled":true,"_links":{"self":[{"href":"https:\/\/www.unisphere-formation.fr\/index.php\/wp-json\/wp\/v2\/pages\/16","targetHints":{"allow":["GET"]}}],"collection":[{"href":"https:\/\/www.unisphere-formation.fr\/index.php\/wp-json\/wp\/v2\/pages"}],"about":[{"href":"https:\/\/www.unisphere-formation.fr\/index.php\/wp-json\/wp\/v2\/types\/page"}],"author":[{"embeddable":true,"href":"https:\/\/www.unisphere-formation.fr\/index.php\/wp-json\/wp\/v2\/users\/1"}],"replies":[{"embeddable":true,"href":"https:\/\/www.unisphere-formation.fr\/index.php\/wp-json\/wp\/v2\/comments?post=16"}],"version-history":[{"count":124,"href":"https:\/\/www.unisphere-formation.fr\/index.php\/wp-json\/wp\/v2\/pages\/16\/revisions"}],"predecessor-version":[{"id":463,"href":"https:\/\/www.unisphere-formation.fr\/index.php\/wp-json\/wp\/v2\/pages\/16\/revisions\/463"}],"wp:attachment":[{"href":"https:\/\/www.unisphere-formation.fr\/index.php\/wp-json\/wp\/v2\/media?parent=16"}],"curies":[{"name":"wp","href":"https:\/\/api.w.org\/{rel}","templated":true}]}}