{"id":20,"date":"2025-05-08T17:34:43","date_gmt":"2025-05-08T15:34:43","guid":{"rendered":"https:\/\/www.unisphere-formation.fr\/?page_id=20"},"modified":"2025-09-02T15:56:43","modified_gmt":"2025-09-02T13:56:43","slug":"qui-sommes-nous","status":"publish","type":"page","link":"https:\/\/www.unisphere-formation.fr\/index.php\/qui-sommes-nous\/","title":{"rendered":"Qui sommes nous"},"content":{"rendered":"\t\t<div data-elementor-type=\"wp-page\" data-elementor-id=\"20\" class=\"elementor elementor-20\" data-elementor-post-type=\"page\">\n\t\t\t\t<div class=\"elementor-element elementor-element-1e40a2d e-flex e-con-boxed e-con e-parent\" data-id=\"1e40a2d\" data-element_type=\"container\" data-settings=\"{&quot;background_background&quot;:&quot;slideshow&quot;,&quot;background_slideshow_gallery&quot;:[{&quot;id&quot;:336,&quot;url&quot;:&quot;http:\\\/\\\/www.unisphere-formation.fr\\\/wp-content\\\/uploads\\\/2025\\\/05\\\/IMG_1548-3-scaled.jpg&quot;}],&quot;background_slideshow_loop&quot;:&quot;yes&quot;,&quot;background_slideshow_slide_duration&quot;:5000,&quot;background_slideshow_slide_transition&quot;:&quot;fade&quot;,&quot;background_slideshow_transition_duration&quot;:500}\">\n\t\t\t\t\t<div class=\"e-con-inner\">\n\t\t<div class=\"elementor-element elementor-element-90e9f8b e-con-full e-flex e-con e-child\" data-id=\"90e9f8b\" data-element_type=\"container\">\n\t\t\t\t<div class=\"elementor-element elementor-element-e6decdf elementor-widget elementor-widget-heading\" data-id=\"e6decdf\" data-element_type=\"widget\" data-widget_type=\"heading.default\">\n\t\t\t\t<div class=\"elementor-widget-container\">\n\t\t\t\t\t<h2 class=\"elementor-heading-title elementor-size-default\">Qui sommes nous ?<\/h2>\t\t\t\t<\/div>\n\t\t\t\t<\/div>\n\t\t\t\t<div class=\"elementor-element elementor-element-bdd8d6f elementor-widget elementor-widget-text-editor\" data-id=\"bdd8d6f\" data-element_type=\"widget\" data-widget_type=\"text-editor.default\">\n\t\t\t\t<div class=\"elementor-widget-container\">\n\t\t\t\t\t\t\t\t\t<p>Qu\u2019il s\u2019agisse de former, d\u2019agir face \u00e0 une situation sensible ou de structurer une d\u00e9marche dans la dur\u00e9e, nous construisons des solutions concr\u00e8tes et adapt\u00e9es \u00e0 votre structure.<\/p>\t\t\t\t\t\t\t\t<\/div>\n\t\t\t\t<\/div>\n\t\t\t\t<div class=\"elementor-element elementor-element-cfd2a81 elementor-widget elementor-widget-button\" data-id=\"cfd2a81\" data-element_type=\"widget\" data-widget_type=\"button.default\">\n\t\t\t\t<div class=\"elementor-widget-container\">\n\t\t\t\t\t\t\t\t\t<div class=\"elementor-button-wrapper\">\n\t\t\t\t\t<a class=\"elementor-button elementor-button-link elementor-size-sm\" href=\"#contact\">\n\t\t\t\t\t\t<span class=\"elementor-button-content-wrapper\">\n\t\t\t\t\t\t<span class=\"elementor-button-icon\">\n\t\t\t\t<svg aria-hidden=\"true\" class=\"e-font-icon-svg e-fas-arrow-right\" viewBox=\"0 0 448 512\" xmlns=\"http:\/\/www.w3.org\/2000\/svg\"><path d=\"M190.5 66.9l22.2-22.2c9.4-9.4 24.6-9.4 33.9 0L441 239c9.4 9.4 9.4 24.6 0 33.9L246.6 467.3c-9.4 9.4-24.6 9.4-33.9 0l-22.2-22.2c-9.5-9.5-9.3-25 .4-34.3L311.4 296H24c-13.3 0-24-10.7-24-24v-32c0-13.3 10.7-24 24-24h287.4L190.9 101.2c-9.8-9.3-10-24.8-.4-34.3z\"><\/path><\/svg>\t\t\t<\/span>\n\t\t\t\t\t\t\t\t\t<span class=\"elementor-button-text\">Contactez-nous<\/span>\n\t\t\t\t\t<\/span>\n\t\t\t\t\t<\/a>\n\t\t\t\t<\/div>\n\t\t\t\t\t\t\t\t<\/div>\n\t\t\t\t<\/div>\n\t\t\t\t<\/div>\n\t\t<div class=\"elementor-element elementor-element-9917a19 e-con-full e-flex e-con e-child\" data-id=\"9917a19\" data-element_type=\"container\" data-settings=\"{&quot;background_background&quot;:&quot;slideshow&quot;,&quot;background_slideshow_gallery&quot;:[],&quot;background_slideshow_loop&quot;:&quot;yes&quot;,&quot;background_slideshow_slide_duration&quot;:5000,&quot;background_slideshow_slide_transition&quot;:&quot;fade&quot;,&quot;background_slideshow_transition_duration&quot;:500}\">\n\t\t\t\t<div class=\"elementor-element elementor-element-c45da17 elementor-widget elementor-widget-image\" data-id=\"c45da17\" data-element_type=\"widget\" data-widget_type=\"image.default\">\n\t\t\t\t<div class=\"elementor-widget-container\">\n\t\t\t\t\t\t\t\t\t\t\t\t\t\t\t<img fetchpriority=\"high\" decoding=\"async\" width=\"800\" height=\"800\" src=\"https:\/\/www.unisphere-formation.fr\/wp-content\/uploads\/2025\/08\/LOGO-Condense-Vert-Anis.png\" class=\"attachment-large size-large wp-image-372\" alt=\"\" srcset=\"https:\/\/www.unisphere-formation.fr\/wp-content\/uploads\/2025\/08\/LOGO-Condense-Vert-Anis.png 900w, https:\/\/www.unisphere-formation.fr\/wp-content\/uploads\/2025\/08\/LOGO-Condense-Vert-Anis-300x300.png 300w, https:\/\/www.unisphere-formation.fr\/wp-content\/uploads\/2025\/08\/LOGO-Condense-Vert-Anis-150x150.png 150w, https:\/\/www.unisphere-formation.fr\/wp-content\/uploads\/2025\/08\/LOGO-Condense-Vert-Anis-768x768.png 768w\" sizes=\"(max-width: 800px) 100vw, 800px\" \/>\t\t\t\t\t\t\t\t\t\t\t\t\t\t\t<\/div>\n\t\t\t\t<\/div>\n\t\t\t\t<\/div>\n\t\t\t\t\t<\/div>\n\t\t\t\t<\/div>\n\t\t<div class=\"elementor-element elementor-element-9e86676 e-flex e-con-boxed e-con e-parent\" data-id=\"9e86676\" data-element_type=\"container\" data-settings=\"{&quot;background_background&quot;:&quot;classic&quot;}\">\n\t\t\t\t\t<div class=\"e-con-inner\">\n\t\t<div class=\"elementor-element elementor-element-132d514 e-con-full e-flex e-con e-child\" data-id=\"132d514\" data-element_type=\"container\" data-settings=\"{&quot;background_background&quot;:&quot;classic&quot;}\">\n\t\t\t\t<div class=\"elementor-element elementor-element-0745525 elementor-widget elementor-widget-text-editor\" data-id=\"0745525\" data-element_type=\"widget\" data-widget_type=\"text-editor.default\">\n\t\t\t\t<div class=\"elementor-widget-container\">\n\t\t\t\t\t\t\t\t\t<p data-start=\"344\" data-end=\"542\"><strong data-start=\"344\" data-end=\"357\">Unisph\u00e8re<\/strong> est une structure ind\u00e9pendante de formation et d\u2019accompagnement, engag\u00e9e pour des environnements professionnels et \u00e9ducatifs plus s\u00fbrs, plus \u00e9quitables et plus respectueux.<\/p><p data-start=\"544\" data-end=\"868\">Nous intervenons principalement dans les secteurs <strong data-start=\"594\" data-end=\"644\">de l\u2019enseignement sup\u00e9rieur et de la recherche<\/strong>, <strong data-start=\"646\" data-end=\"688\">du secteur associatif et m\u00e9dico-social<\/strong>, ainsi que dans <strong data-start=\"705\" data-end=\"725\">le monde sportif<\/strong>, aupr\u00e8s d\u2019acteurs engag\u00e9s dans la pr\u00e9vention des violences, l\u2019\u00e9galit\u00e9 professionnelle, ou encore la transformation des pratiques manag\u00e9riales.<\/p><p data-start=\"870\" data-end=\"1195\">Notre c\u0153ur de m\u00e9tier : <strong data-start=\"893\" data-end=\"984\">agir sur les dynamiques humaines, les cadres organisationnels et les leviers collectifs<\/strong>.<br data-start=\"985\" data-end=\"988\" \/>Nous accompagnons les structures dans la mise en place de d\u00e9marches concr\u00e8tes : sensibilisation, professionnalisation, mise en conformit\u00e9 r\u00e9glementaire, traitement de situations sensibles, appui strat\u00e9gique.<\/p><p data-start=\"1197\" data-end=\"1438\">Nos interventions s\u2019appuient sur une exp\u00e9rience de terrain solide et une connaissance fine des contextes dans lesquels \u00e9voluent nos publics \u2013 salari\u00e9\u00b7es, encadrant\u00b7es, \u00e9tudiant\u00b7es, b\u00e9n\u00e9voles, \u00e9quipes de direction, \u00e9lu\u00b7es ou agent\u00b7es publics.<\/p><p data-start=\"1440\" data-end=\"1629\">Nos outils combinent apports juridiques, psychosociaux et p\u00e9dagogiques, avec une attention constante aux contextes, aux contraintes et aux dynamiques propres \u00e0 chaque structure.<\/p><p data-start=\"1631\" data-end=\"1872\">Qu\u2019il s\u2019agisse de <strong data-start=\"1649\" data-end=\"1659\">former<\/strong>, de <strong data-start=\"1664\" data-end=\"1705\">structurer une d\u00e9marche de pr\u00e9vention<\/strong>, de <strong data-start=\"1710\" data-end=\"1746\">mettre en \u0153uvre un plan d\u2019action<\/strong> ou de <strong data-start=\"1753\" data-end=\"1788\">r\u00e9agir \u00e0 une situation complexe<\/strong>, Unisph\u00e8re construit des solutions sur mesure, avec exigence, clart\u00e9 et engagement.<\/p><p data-start=\"1631\" data-end=\"1872\">Si nos interventions sont particuli\u00e8rement d\u00e9velopp\u00e9es dans les secteurs de la recherche, de l\u2019enseignement sup\u00e9rieur et du sport, <strong data-start=\"260\" data-end=\"408\">nous accompagnons \u00e9galement des entreprises, collectivit\u00e9s et structures publiques ou associatives, quelle que soit leur taille ou leur secteur.<\/strong><\/p>\t\t\t\t\t\t\t\t<\/div>\n\t\t\t\t<\/div>\n\t\t\t\t<\/div>\n\t\t\t\t\t<\/div>\n\t\t\t\t<\/div>\n\t\t<div class=\"elementor-element elementor-element-616af92 e-flex e-con-boxed e-con e-parent\" data-id=\"616af92\" data-element_type=\"container\" data-settings=\"{&quot;background_background&quot;:&quot;classic&quot;}\">\n\t\t\t\t\t<div class=\"e-con-inner\">\n\t\t<div class=\"elementor-element elementor-element-36efb75 e-con-full e-flex e-con e-child\" data-id=\"36efb75\" data-element_type=\"container\">\n\t\t\t\t<div class=\"elementor-element elementor-element-af8d1bf elementor-widget elementor-widget-image\" data-id=\"af8d1bf\" data-element_type=\"widget\" data-widget_type=\"image.default\">\n\t\t\t\t<div class=\"elementor-widget-container\">\n\t\t\t\t\t\t\t\t\t\t\t\t\t\t\t<img decoding=\"async\" width=\"800\" height=\"800\" src=\"https:\/\/www.unisphere-formation.fr\/wp-content\/uploads\/2025\/08\/1665169310645.jpg\" class=\"attachment-full size-full wp-image-373\" alt=\"\" srcset=\"https:\/\/www.unisphere-formation.fr\/wp-content\/uploads\/2025\/08\/1665169310645.jpg 800w, https:\/\/www.unisphere-formation.fr\/wp-content\/uploads\/2025\/08\/1665169310645-300x300.jpg 300w, https:\/\/www.unisphere-formation.fr\/wp-content\/uploads\/2025\/08\/1665169310645-150x150.jpg 150w, https:\/\/www.unisphere-formation.fr\/wp-content\/uploads\/2025\/08\/1665169310645-768x768.jpg 768w\" sizes=\"(max-width: 800px) 100vw, 800px\" \/>\t\t\t\t\t\t\t\t\t\t\t\t\t\t\t<\/div>\n\t\t\t\t<\/div>\n\t\t\t\t<\/div>\n\t\t<div class=\"elementor-element elementor-element-6721be6 e-con-full e-flex e-con e-child\" data-id=\"6721be6\" data-element_type=\"container\">\n\t\t\t\t<div class=\"elementor-element elementor-element-c710043 elementor-widget elementor-widget-text-editor\" data-id=\"c710043\" data-element_type=\"widget\" data-widget_type=\"text-editor.default\">\n\t\t\t\t<div class=\"elementor-widget-container\">\n\t\t\t\t\t\t\t\t\t<p><strong>No\u00e9mie DELEUIL \u2013 Fondatrice d\u2019Unisph\u00e8re\u00a0<\/strong><\/p><p>Juriste de formation, elle a exerc\u00e9 pendant plus de dix ans dans des structures engag\u00e9es : association d\u2019aide aux victimes, protection de l\u2019enfance, puis universit\u00e9, o\u00f9 elle a particip\u00e9 \u00e0 la mise en place d\u2019un service d\u00e9di\u00e9 \u00e0 la lutte contre les violences, le harc\u00e8lement et les discriminations.<\/p><p>Son parcours l\u2019a conduite \u00e0 travailler au plus pr\u00e8s des personnes concern\u00e9es comme des institutions, avec une forte implication en formation tout au long de son parcours.<br data-start=\"766\" data-end=\"769\" \/>Cette exp\u00e9rience de terrain, alli\u00e9e \u00e0 une connaissance fine des enjeux, nourrit aujourd\u2019hui des interventions ancr\u00e9es, r\u00e9alistes et adapt\u00e9es aux enjeux de terrain.<\/p>\t\t\t\t\t\t\t\t<\/div>\n\t\t\t\t<\/div>\n\t\t\t\t<\/div>\n\t\t\t\t\t<\/div>\n\t\t\t\t<\/div>\n\t\t\t\t<\/div>\n\t\t","protected":false},"excerpt":{"rendered":"<p>Qui sommes nous ? Qu\u2019il s\u2019agisse de former, d\u2019agir face \u00e0 une situation sensible ou de structurer une d\u00e9marche dans la dur\u00e9e, nous construisons des solutions concr\u00e8tes et adapt\u00e9es \u00e0 votre structure. Contactez-nous Unisph\u00e8re est une structure ind\u00e9pendante de formation et d\u2019accompagnement, engag\u00e9e pour des environnements professionnels et \u00e9ducatifs plus s\u00fbrs, plus \u00e9quitables et plus [&hellip;]<\/p>\n","protected":false},"author":1,"featured_media":0,"parent":0,"menu_order":0,"comment_status":"closed","ping_status":"closed","template":"","meta":{"footnotes":""},"class_list":["post-20","page","type-page","status-publish","hentry"],"yoast_head":"<!-- This site is optimized with the Yoast SEO plugin v25.0 - https:\/\/yoast.com\/wordpress\/plugins\/seo\/ -->\n<title>Qui sommes nous - Unisph\u00e8re Formation<\/title>\n<meta name=\"robots\" content=\"index, follow, max-snippet:-1, max-image-preview:large, max-video-preview:-1\" \/>\n<link rel=\"canonical\" href=\"https:\/\/www.unisphere-formation.fr\/index.php\/qui-sommes-nous\/\" \/>\n<meta property=\"og:locale\" content=\"fr_FR\" \/>\n<meta property=\"og:type\" content=\"article\" \/>\n<meta property=\"og:title\" content=\"Qui sommes nous - Unisph\u00e8re Formation\" \/>\n<meta property=\"og:description\" content=\"Qui sommes nous ? Qu\u2019il s\u2019agisse de former, d\u2019agir face \u00e0 une situation sensible ou de structurer une d\u00e9marche dans la dur\u00e9e, nous construisons des solutions concr\u00e8tes et adapt\u00e9es \u00e0 votre structure. Contactez-nous Unisph\u00e8re est une structure ind\u00e9pendante de formation et d\u2019accompagnement, engag\u00e9e pour des environnements professionnels et \u00e9ducatifs plus s\u00fbrs, plus \u00e9quitables et plus [&hellip;]\" \/>\n<meta property=\"og:url\" content=\"https:\/\/www.unisphere-formation.fr\/index.php\/qui-sommes-nous\/\" \/>\n<meta property=\"og:site_name\" content=\"Unisph\u00e8re Formation\" \/>\n<meta property=\"article:modified_time\" content=\"2025-09-02T13:56:43+00:00\" \/>\n<meta property=\"og:image\" content=\"http:\/\/www.unisphere-formation.fr\/wp-content\/uploads\/2025\/08\/LOGO-Condense-Vert-Anis.png\" \/>\n<meta name=\"twitter:card\" content=\"summary_large_image\" \/>\n<meta name=\"twitter:label1\" content=\"Dur\u00e9e de lecture estim\u00e9e\" \/>\n\t<meta name=\"twitter:data1\" content=\"3 minutes\" \/>\n<script type=\"application\/ld+json\" class=\"yoast-schema-graph\">{\"@context\":\"https:\/\/schema.org\",\"@graph\":[{\"@type\":\"WebPage\",\"@id\":\"https:\/\/www.unisphere-formation.fr\/index.php\/qui-sommes-nous\/\",\"url\":\"https:\/\/www.unisphere-formation.fr\/index.php\/qui-sommes-nous\/\",\"name\":\"Qui sommes nous - Unisph\u00e8re Formation\",\"isPartOf\":{\"@id\":\"https:\/\/www.unisphere-formation.fr\/#website\"},\"primaryImageOfPage\":{\"@id\":\"https:\/\/www.unisphere-formation.fr\/index.php\/qui-sommes-nous\/#primaryimage\"},\"image\":{\"@id\":\"https:\/\/www.unisphere-formation.fr\/index.php\/qui-sommes-nous\/#primaryimage\"},\"thumbnailUrl\":\"http:\/\/www.unisphere-formation.fr\/wp-content\/uploads\/2025\/08\/LOGO-Condense-Vert-Anis.png\",\"datePublished\":\"2025-05-08T15:34:43+00:00\",\"dateModified\":\"2025-09-02T13:56:43+00:00\",\"breadcrumb\":{\"@id\":\"https:\/\/www.unisphere-formation.fr\/index.php\/qui-sommes-nous\/#breadcrumb\"},\"inLanguage\":\"fr-FR\",\"potentialAction\":[{\"@type\":\"ReadAction\",\"target\":[\"https:\/\/www.unisphere-formation.fr\/index.php\/qui-sommes-nous\/\"]}]},{\"@type\":\"ImageObject\",\"inLanguage\":\"fr-FR\",\"@id\":\"https:\/\/www.unisphere-formation.fr\/index.php\/qui-sommes-nous\/#primaryimage\",\"url\":\"https:\/\/www.unisphere-formation.fr\/wp-content\/uploads\/2025\/08\/LOGO-Condense-Vert-Anis.png\",\"contentUrl\":\"https:\/\/www.unisphere-formation.fr\/wp-content\/uploads\/2025\/08\/LOGO-Condense-Vert-Anis.png\",\"width\":900,\"height\":900},{\"@type\":\"BreadcrumbList\",\"@id\":\"https:\/\/www.unisphere-formation.fr\/index.php\/qui-sommes-nous\/#breadcrumb\",\"itemListElement\":[{\"@type\":\"ListItem\",\"position\":1,\"name\":\"Accueil\",\"item\":\"https:\/\/www.unisphere-formation.fr\/\"},{\"@type\":\"ListItem\",\"position\":2,\"name\":\"Qui sommes nous\"}]},{\"@type\":\"WebSite\",\"@id\":\"https:\/\/www.unisphere-formation.fr\/#website\",\"url\":\"https:\/\/www.unisphere-formation.fr\/\",\"name\":\"Unisph\u00e8re Formation\",\"description\":\"Refonder les liens, renforcer l&#039;\u00e9quit\u00e9.\",\"publisher\":{\"@id\":\"https:\/\/www.unisphere-formation.fr\/#organization\"},\"potentialAction\":[{\"@type\":\"SearchAction\",\"target\":{\"@type\":\"EntryPoint\",\"urlTemplate\":\"https:\/\/www.unisphere-formation.fr\/?s={search_term_string}\"},\"query-input\":{\"@type\":\"PropertyValueSpecification\",\"valueRequired\":true,\"valueName\":\"search_term_string\"}}],\"inLanguage\":\"fr-FR\"},{\"@type\":\"Organization\",\"@id\":\"https:\/\/www.unisphere-formation.fr\/#organization\",\"name\":\"Unisph\u00e8re Formation\",\"url\":\"https:\/\/www.unisphere-formation.fr\/\",\"logo\":{\"@type\":\"ImageObject\",\"inLanguage\":\"fr-FR\",\"@id\":\"https:\/\/www.unisphere-formation.fr\/#\/schema\/logo\/image\/\",\"url\":\"https:\/\/www.unisphere-formation.fr\/wp-content\/uploads\/2025\/05\/LOGO-Mauve.png\",\"contentUrl\":\"https:\/\/www.unisphere-formation.fr\/wp-content\/uploads\/2025\/05\/LOGO-Mauve.png\",\"width\":700,\"height\":200,\"caption\":\"Unisph\u00e8re Formation\"},\"image\":{\"@id\":\"https:\/\/www.unisphere-formation.fr\/#\/schema\/logo\/image\/\"}}]}<\/script>\n<!-- \/ Yoast SEO plugin. -->","yoast_head_json":{"title":"Qui sommes nous - Unisph\u00e8re Formation","robots":{"index":"index","follow":"follow","max-snippet":"max-snippet:-1","max-image-preview":"max-image-preview:large","max-video-preview":"max-video-preview:-1"},"canonical":"https:\/\/www.unisphere-formation.fr\/index.php\/qui-sommes-nous\/","og_locale":"fr_FR","og_type":"article","og_title":"Qui sommes nous - Unisph\u00e8re Formation","og_description":"Qui sommes nous ? Qu\u2019il s\u2019agisse de former, d\u2019agir face \u00e0 une situation sensible ou de structurer une d\u00e9marche dans la dur\u00e9e, nous construisons des solutions concr\u00e8tes et adapt\u00e9es \u00e0 votre structure. Contactez-nous Unisph\u00e8re est une structure ind\u00e9pendante de formation et d\u2019accompagnement, engag\u00e9e pour des environnements professionnels et \u00e9ducatifs plus s\u00fbrs, plus \u00e9quitables et plus [&hellip;]","og_url":"https:\/\/www.unisphere-formation.fr\/index.php\/qui-sommes-nous\/","og_site_name":"Unisph\u00e8re Formation","article_modified_time":"2025-09-02T13:56:43+00:00","og_image":[{"url":"http:\/\/www.unisphere-formation.fr\/wp-content\/uploads\/2025\/08\/LOGO-Condense-Vert-Anis.png","type":"","width":"","height":""}],"twitter_card":"summary_large_image","twitter_misc":{"Dur\u00e9e de lecture estim\u00e9e":"3 minutes"},"schema":{"@context":"https:\/\/schema.org","@graph":[{"@type":"WebPage","@id":"https:\/\/www.unisphere-formation.fr\/index.php\/qui-sommes-nous\/","url":"https:\/\/www.unisphere-formation.fr\/index.php\/qui-sommes-nous\/","name":"Qui sommes nous - Unisph\u00e8re Formation","isPartOf":{"@id":"https:\/\/www.unisphere-formation.fr\/#website"},"primaryImageOfPage":{"@id":"https:\/\/www.unisphere-formation.fr\/index.php\/qui-sommes-nous\/#primaryimage"},"image":{"@id":"https:\/\/www.unisphere-formation.fr\/index.php\/qui-sommes-nous\/#primaryimage"},"thumbnailUrl":"http:\/\/www.unisphere-formation.fr\/wp-content\/uploads\/2025\/08\/LOGO-Condense-Vert-Anis.png","datePublished":"2025-05-08T15:34:43+00:00","dateModified":"2025-09-02T13:56:43+00:00","breadcrumb":{"@id":"https:\/\/www.unisphere-formation.fr\/index.php\/qui-sommes-nous\/#breadcrumb"},"inLanguage":"fr-FR","potentialAction":[{"@type":"ReadAction","target":["https:\/\/www.unisphere-formation.fr\/index.php\/qui-sommes-nous\/"]}]},{"@type":"ImageObject","inLanguage":"fr-FR","@id":"https:\/\/www.unisphere-formation.fr\/index.php\/qui-sommes-nous\/#primaryimage","url":"https:\/\/www.unisphere-formation.fr\/wp-content\/uploads\/2025\/08\/LOGO-Condense-Vert-Anis.png","contentUrl":"https:\/\/www.unisphere-formation.fr\/wp-content\/uploads\/2025\/08\/LOGO-Condense-Vert-Anis.png","width":900,"height":900},{"@type":"BreadcrumbList","@id":"https:\/\/www.unisphere-formation.fr\/index.php\/qui-sommes-nous\/#breadcrumb","itemListElement":[{"@type":"ListItem","position":1,"name":"Accueil","item":"https:\/\/www.unisphere-formation.fr\/"},{"@type":"ListItem","position":2,"name":"Qui sommes nous"}]},{"@type":"WebSite","@id":"https:\/\/www.unisphere-formation.fr\/#website","url":"https:\/\/www.unisphere-formation.fr\/","name":"Unisph\u00e8re Formation","description":"Refonder les liens, renforcer l&#039;\u00e9quit\u00e9.","publisher":{"@id":"https:\/\/www.unisphere-formation.fr\/#organization"},"potentialAction":[{"@type":"SearchAction","target":{"@type":"EntryPoint","urlTemplate":"https:\/\/www.unisphere-formation.fr\/?s={search_term_string}"},"query-input":{"@type":"PropertyValueSpecification","valueRequired":true,"valueName":"search_term_string"}}],"inLanguage":"fr-FR"},{"@type":"Organization","@id":"https:\/\/www.unisphere-formation.fr\/#organization","name":"Unisph\u00e8re Formation","url":"https:\/\/www.unisphere-formation.fr\/","logo":{"@type":"ImageObject","inLanguage":"fr-FR","@id":"https:\/\/www.unisphere-formation.fr\/#\/schema\/logo\/image\/","url":"https:\/\/www.unisphere-formation.fr\/wp-content\/uploads\/2025\/05\/LOGO-Mauve.png","contentUrl":"https:\/\/www.unisphere-formation.fr\/wp-content\/uploads\/2025\/05\/LOGO-Mauve.png","width":700,"height":200,"caption":"Unisph\u00e8re Formation"},"image":{"@id":"https:\/\/www.unisphere-formation.fr\/#\/schema\/logo\/image\/"}}]}},"jetpack_sharing_enabled":true,"_links":{"self":[{"href":"https:\/\/www.unisphere-formation.fr\/index.php\/wp-json\/wp\/v2\/pages\/20","targetHints":{"allow":["GET"]}}],"collection":[{"href":"https:\/\/www.unisphere-formation.fr\/index.php\/wp-json\/wp\/v2\/pages"}],"about":[{"href":"https:\/\/www.unisphere-formation.fr\/index.php\/wp-json\/wp\/v2\/types\/page"}],"author":[{"embeddable":true,"href":"https:\/\/www.unisphere-formation.fr\/index.php\/wp-json\/wp\/v2\/users\/1"}],"replies":[{"embeddable":true,"href":"https:\/\/www.unisphere-formation.fr\/index.php\/wp-json\/wp\/v2\/comments?post=20"}],"version-history":[{"count":31,"href":"https:\/\/www.unisphere-formation.fr\/index.php\/wp-json\/wp\/v2\/pages\/20\/revisions"}],"predecessor-version":[{"id":400,"href":"https:\/\/www.unisphere-formation.fr\/index.php\/wp-json\/wp\/v2\/pages\/20\/revisions\/400"}],"wp:attachment":[{"href":"https:\/\/www.unisphere-formation.fr\/index.php\/wp-json\/wp\/v2\/media?parent=20"}],"curies":[{"name":"wp","href":"https:\/\/api.w.org\/{rel}","templated":true}]}}