{"id":39,"date":"2025-05-23T13:59:26","date_gmt":"2025-05-23T11:59:26","guid":{"rendered":"https:\/\/www.unisphere-formation.fr\/?page_id=39"},"modified":"2025-09-11T11:41:03","modified_gmt":"2025-09-11T09:41:03","slug":"pour-les-entreprises","status":"publish","type":"page","link":"https:\/\/www.unisphere-formation.fr\/index.php\/pour-les-entreprises\/","title":{"rendered":"Accompagnement"},"content":{"rendered":"\t\t<div data-elementor-type=\"wp-page\" data-elementor-id=\"39\" class=\"elementor elementor-39\" data-elementor-post-type=\"page\">\n\t\t\t\t<div class=\"elementor-element elementor-element-79e4eb4 e-flex e-con-boxed e-con e-parent\" data-id=\"79e4eb4\" data-element_type=\"container\" data-settings=\"{&quot;background_background&quot;:&quot;classic&quot;}\">\n\t\t\t\t\t<div class=\"e-con-inner\">\n\t\t<div class=\"elementor-element elementor-element-1356bd4 e-con-full e-flex e-con e-child\" data-id=\"1356bd4\" data-element_type=\"container\" data-settings=\"{&quot;background_background&quot;:&quot;slideshow&quot;,&quot;background_slideshow_gallery&quot;:[],&quot;background_slideshow_loop&quot;:&quot;yes&quot;,&quot;background_slideshow_slide_duration&quot;:5000,&quot;background_slideshow_slide_transition&quot;:&quot;fade&quot;,&quot;background_slideshow_transition_duration&quot;:500}\">\n\t\t\t\t<div class=\"elementor-element elementor-element-b9df59f elementor-widget elementor-widget-heading\" data-id=\"b9df59f\" data-element_type=\"widget\" data-widget_type=\"heading.default\">\n\t\t\t\t<div class=\"elementor-widget-container\">\n\t\t\t\t\t<h2 class=\"elementor-heading-title elementor-size-default\">Accompagnement et conseil<\/h2>\t\t\t\t<\/div>\n\t\t\t\t<\/div>\n\t\t\t\t<div class=\"elementor-element elementor-element-7a44c0c elementor-widget elementor-widget-text-editor\" data-id=\"7a44c0c\" data-element_type=\"widget\" data-widget_type=\"text-editor.default\">\n\t\t\t\t<div class=\"elementor-widget-container\">\n\t\t\t\t\t\t\t\t\t<p><strong data-start=\"188\" data-end=\"268\">Vous faites face \u00e0 une situation sensible et ne savez pas par o\u00f9 commencer ?<\/strong><\/p>\t\t\t\t\t\t\t\t<\/div>\n\t\t\t\t<\/div>\n\t\t\t\t<div class=\"elementor-element elementor-element-c7b24ef elementor-widget elementor-widget-button\" data-id=\"c7b24ef\" data-element_type=\"widget\" data-widget_type=\"button.default\">\n\t\t\t\t<div class=\"elementor-widget-container\">\n\t\t\t\t\t\t\t\t\t<div class=\"elementor-button-wrapper\">\n\t\t\t\t\t<a class=\"elementor-button elementor-button-link elementor-size-sm\" href=\"#contact\">\n\t\t\t\t\t\t<span class=\"elementor-button-content-wrapper\">\n\t\t\t\t\t\t<span class=\"elementor-button-icon\">\n\t\t\t\t<svg aria-hidden=\"true\" class=\"e-font-icon-svg e-fas-arrow-right\" viewBox=\"0 0 448 512\" xmlns=\"http:\/\/www.w3.org\/2000\/svg\"><path d=\"M190.5 66.9l22.2-22.2c9.4-9.4 24.6-9.4 33.9 0L441 239c9.4 9.4 9.4 24.6 0 33.9L246.6 467.3c-9.4 9.4-24.6 9.4-33.9 0l-22.2-22.2c-9.5-9.5-9.3-25 .4-34.3L311.4 296H24c-13.3 0-24-10.7-24-24v-32c0-13.3 10.7-24 24-24h287.4L190.9 101.2c-9.8-9.3-10-24.8-.4-34.3z\"><\/path><\/svg>\t\t\t<\/span>\n\t\t\t\t\t\t\t\t\t<span class=\"elementor-button-text\">Contact<\/span>\n\t\t\t\t\t<\/span>\n\t\t\t\t\t<\/a>\n\t\t\t\t<\/div>\n\t\t\t\t\t\t\t\t<\/div>\n\t\t\t\t<\/div>\n\t\t\t\t<\/div>\n\t\t<div class=\"elementor-element elementor-element-6c0d39f e-con-full e-flex e-con e-child\" data-id=\"6c0d39f\" data-element_type=\"container\">\n\t\t\t\t<\/div>\n\t\t\t\t\t<\/div>\n\t\t\t\t<\/div>\n\t\t<div class=\"elementor-element elementor-element-af988fa e-flex e-con-boxed e-con e-parent\" data-id=\"af988fa\" data-element_type=\"container\" data-settings=\"{&quot;background_background&quot;:&quot;classic&quot;}\">\n\t\t\t\t\t<div class=\"e-con-inner\">\n\t\t<div class=\"elementor-element elementor-element-208e18c e-con-full e-flex e-con e-child\" data-id=\"208e18c\" data-element_type=\"container\">\n\t\t\t\t<div class=\"elementor-element elementor-element-560b616 elementor-widget elementor-widget-image\" data-id=\"560b616\" data-element_type=\"widget\" data-widget_type=\"image.default\">\n\t\t\t\t<div class=\"elementor-widget-container\">\n\t\t\t\t\t\t\t\t\t\t\t\t\t\t\t<img decoding=\"async\" src=\"http:\/\/www.unisphere-formation.fr\/wp-content\/uploads\/2025\/05\/mt-sample-background.jpg\" title=\"\" alt=\"\" loading=\"lazy\" \/>\t\t\t\t\t\t\t\t\t\t\t\t\t\t\t<\/div>\n\t\t\t\t<\/div>\n\t\t\t\t<\/div>\n\t\t<div class=\"elementor-element elementor-element-a1c809e e-con-full e-flex e-con e-child\" data-id=\"a1c809e\" data-element_type=\"container\">\n\t\t\t\t<div class=\"elementor-element elementor-element-638b1b3 elementor-widget elementor-widget-text-editor\" data-id=\"638b1b3\" data-element_type=\"widget\" data-widget_type=\"text-editor.default\">\n\t\t\t\t<div class=\"elementor-widget-container\">\n\t\t\t\t\t\t\t\t\t<p data-start=\"386\" data-end=\"586\">Chez <strong data-start=\"391\" data-end=\"404\">Unisphere<\/strong>, nous accompagnons les organisations dans toutes les \u00e9tapes, depuis l\u2019identification des risques jusqu\u2019\u00e0 la mise en place de solutions concr\u00e8tes et adapt\u00e9es \u00e0 leur fonctionnement.<\/p><p data-start=\"588\" data-end=\"623\">Nous travaillons avec vous pour :<\/p><ul data-start=\"624\" data-end=\"913\"><li data-start=\"624\" data-end=\"721\"><p data-start=\"626\" data-end=\"721\"><strong data-start=\"626\" data-end=\"670\">Pr\u00e9venir et g\u00e9rer les risques juridiques<\/strong> li\u00e9s aux conflits, discriminations ou violences.<\/p><\/li><li data-start=\"722\" data-end=\"813\"><p data-start=\"724\" data-end=\"813\"><strong data-start=\"724\" data-end=\"774\">\u00c9laborer des proc\u00e9dures et protocoles internes<\/strong> clairs et adapt\u00e9s \u00e0 votre structure.<\/p><\/li><li data-start=\"814\" data-end=\"913\"><p data-start=\"816\" data-end=\"913\"><strong data-start=\"816\" data-end=\"852\">Former et conseiller vos \u00e9quipes<\/strong>, pour qu\u2019elles puissent agir avec assurance et efficacit\u00e9.<\/p><\/li><\/ul><p data-start=\"915\" data-end=\"1098\">Notre approche est simple : vous fournir un accompagnement utile, compr\u00e9hensible et directement applicable, pour que vos \u00e9quipes puissent prendre les bonnes d\u00e9cisions au bon moment.<\/p>\t\t\t\t\t\t\t\t<\/div>\n\t\t\t\t<\/div>\n\t\t\t\t<\/div>\n\t\t\t\t\t<\/div>\n\t\t\t\t<\/div>\n\t\t\t\t<\/div>\n\t\t","protected":false},"excerpt":{"rendered":"<p>Accompagnement et conseil Vous faites face \u00e0 une situation sensible et ne savez pas par o\u00f9 commencer ? Contact Chez Unisphere, nous accompagnons les organisations dans toutes les \u00e9tapes, depuis l\u2019identification des risques jusqu\u2019\u00e0 la mise en place de solutions concr\u00e8tes et adapt\u00e9es \u00e0 leur fonctionnement. Nous travaillons avec vous pour : Pr\u00e9venir et g\u00e9rer [&hellip;]<\/p>\n","protected":false},"author":1,"featured_media":0,"parent":0,"menu_order":0,"comment_status":"closed","ping_status":"closed","template":"","meta":{"footnotes":""},"class_list":["post-39","page","type-page","status-publish","hentry"],"yoast_head":"<!-- This site is optimized with the Yoast SEO plugin v25.0 - https:\/\/yoast.com\/wordpress\/plugins\/seo\/ -->\n<title>Accompagnement - Unisph\u00e8re Formation<\/title>\n<meta name=\"robots\" content=\"index, follow, max-snippet:-1, max-image-preview:large, max-video-preview:-1\" \/>\n<link rel=\"canonical\" href=\"https:\/\/www.unisphere-formation.fr\/index.php\/pour-les-entreprises\/\" \/>\n<meta property=\"og:locale\" content=\"fr_FR\" \/>\n<meta property=\"og:type\" content=\"article\" \/>\n<meta property=\"og:title\" content=\"Accompagnement - Unisph\u00e8re Formation\" \/>\n<meta property=\"og:description\" content=\"Accompagnement et conseil Vous faites face \u00e0 une situation sensible et ne savez pas par o\u00f9 commencer ? Contact Chez Unisphere, nous accompagnons les organisations dans toutes les \u00e9tapes, depuis l\u2019identification des risques jusqu\u2019\u00e0 la mise en place de solutions concr\u00e8tes et adapt\u00e9es \u00e0 leur fonctionnement. Nous travaillons avec vous pour : Pr\u00e9venir et g\u00e9rer [&hellip;]\" \/>\n<meta property=\"og:url\" content=\"https:\/\/www.unisphere-formation.fr\/index.php\/pour-les-entreprises\/\" \/>\n<meta property=\"og:site_name\" content=\"Unisph\u00e8re Formation\" \/>\n<meta property=\"article:modified_time\" content=\"2025-09-11T09:41:03+00:00\" \/>\n<meta property=\"og:image\" content=\"http:\/\/www.unisphere-formation.fr\/wp-content\/uploads\/2025\/05\/mt-sample-background.jpg\" \/>\n<meta name=\"twitter:card\" content=\"summary_large_image\" \/>\n<meta name=\"twitter:label1\" content=\"Dur\u00e9e de lecture estim\u00e9e\" \/>\n\t<meta name=\"twitter:data1\" content=\"1 minute\" \/>\n<script type=\"application\/ld+json\" class=\"yoast-schema-graph\">{\"@context\":\"https:\/\/schema.org\",\"@graph\":[{\"@type\":\"WebPage\",\"@id\":\"https:\/\/www.unisphere-formation.fr\/index.php\/pour-les-entreprises\/\",\"url\":\"https:\/\/www.unisphere-formation.fr\/index.php\/pour-les-entreprises\/\",\"name\":\"Accompagnement - Unisph\u00e8re Formation\",\"isPartOf\":{\"@id\":\"https:\/\/www.unisphere-formation.fr\/#website\"},\"primaryImageOfPage\":{\"@id\":\"https:\/\/www.unisphere-formation.fr\/index.php\/pour-les-entreprises\/#primaryimage\"},\"image\":{\"@id\":\"https:\/\/www.unisphere-formation.fr\/index.php\/pour-les-entreprises\/#primaryimage\"},\"thumbnailUrl\":\"http:\/\/www.unisphere-formation.fr\/wp-content\/uploads\/2025\/05\/mt-sample-background.jpg\",\"datePublished\":\"2025-05-23T11:59:26+00:00\",\"dateModified\":\"2025-09-11T09:41:03+00:00\",\"breadcrumb\":{\"@id\":\"https:\/\/www.unisphere-formation.fr\/index.php\/pour-les-entreprises\/#breadcrumb\"},\"inLanguage\":\"fr-FR\",\"potentialAction\":[{\"@type\":\"ReadAction\",\"target\":[\"https:\/\/www.unisphere-formation.fr\/index.php\/pour-les-entreprises\/\"]}]},{\"@type\":\"ImageObject\",\"inLanguage\":\"fr-FR\",\"@id\":\"https:\/\/www.unisphere-formation.fr\/index.php\/pour-les-entreprises\/#primaryimage\",\"url\":\"http:\/\/www.unisphere-formation.fr\/wp-content\/uploads\/2025\/05\/mt-sample-background.jpg\",\"contentUrl\":\"http:\/\/www.unisphere-formation.fr\/wp-content\/uploads\/2025\/05\/mt-sample-background.jpg\"},{\"@type\":\"BreadcrumbList\",\"@id\":\"https:\/\/www.unisphere-formation.fr\/index.php\/pour-les-entreprises\/#breadcrumb\",\"itemListElement\":[{\"@type\":\"ListItem\",\"position\":1,\"name\":\"Accueil\",\"item\":\"https:\/\/www.unisphere-formation.fr\/\"},{\"@type\":\"ListItem\",\"position\":2,\"name\":\"Accompagnement\"}]},{\"@type\":\"WebSite\",\"@id\":\"https:\/\/www.unisphere-formation.fr\/#website\",\"url\":\"https:\/\/www.unisphere-formation.fr\/\",\"name\":\"Unisph\u00e8re Formation\",\"description\":\"Refonder les liens, renforcer l&#039;\u00e9quit\u00e9.\",\"publisher\":{\"@id\":\"https:\/\/www.unisphere-formation.fr\/#organization\"},\"potentialAction\":[{\"@type\":\"SearchAction\",\"target\":{\"@type\":\"EntryPoint\",\"urlTemplate\":\"https:\/\/www.unisphere-formation.fr\/?s={search_term_string}\"},\"query-input\":{\"@type\":\"PropertyValueSpecification\",\"valueRequired\":true,\"valueName\":\"search_term_string\"}}],\"inLanguage\":\"fr-FR\"},{\"@type\":\"Organization\",\"@id\":\"https:\/\/www.unisphere-formation.fr\/#organization\",\"name\":\"Unisph\u00e8re Formation\",\"url\":\"https:\/\/www.unisphere-formation.fr\/\",\"logo\":{\"@type\":\"ImageObject\",\"inLanguage\":\"fr-FR\",\"@id\":\"https:\/\/www.unisphere-formation.fr\/#\/schema\/logo\/image\/\",\"url\":\"https:\/\/www.unisphere-formation.fr\/wp-content\/uploads\/2025\/05\/LOGO-Mauve.png\",\"contentUrl\":\"https:\/\/www.unisphere-formation.fr\/wp-content\/uploads\/2025\/05\/LOGO-Mauve.png\",\"width\":700,\"height\":200,\"caption\":\"Unisph\u00e8re Formation\"},\"image\":{\"@id\":\"https:\/\/www.unisphere-formation.fr\/#\/schema\/logo\/image\/\"}}]}<\/script>\n<!-- \/ Yoast SEO plugin. -->","yoast_head_json":{"title":"Accompagnement - Unisph\u00e8re Formation","robots":{"index":"index","follow":"follow","max-snippet":"max-snippet:-1","max-image-preview":"max-image-preview:large","max-video-preview":"max-video-preview:-1"},"canonical":"https:\/\/www.unisphere-formation.fr\/index.php\/pour-les-entreprises\/","og_locale":"fr_FR","og_type":"article","og_title":"Accompagnement - Unisph\u00e8re Formation","og_description":"Accompagnement et conseil Vous faites face \u00e0 une situation sensible et ne savez pas par o\u00f9 commencer ? Contact Chez Unisphere, nous accompagnons les organisations dans toutes les \u00e9tapes, depuis l\u2019identification des risques jusqu\u2019\u00e0 la mise en place de solutions concr\u00e8tes et adapt\u00e9es \u00e0 leur fonctionnement. Nous travaillons avec vous pour : Pr\u00e9venir et g\u00e9rer [&hellip;]","og_url":"https:\/\/www.unisphere-formation.fr\/index.php\/pour-les-entreprises\/","og_site_name":"Unisph\u00e8re Formation","article_modified_time":"2025-09-11T09:41:03+00:00","og_image":[{"url":"http:\/\/www.unisphere-formation.fr\/wp-content\/uploads\/2025\/05\/mt-sample-background.jpg","type":"","width":"","height":""}],"twitter_card":"summary_large_image","twitter_misc":{"Dur\u00e9e de lecture estim\u00e9e":"1 minute"},"schema":{"@context":"https:\/\/schema.org","@graph":[{"@type":"WebPage","@id":"https:\/\/www.unisphere-formation.fr\/index.php\/pour-les-entreprises\/","url":"https:\/\/www.unisphere-formation.fr\/index.php\/pour-les-entreprises\/","name":"Accompagnement - Unisph\u00e8re Formation","isPartOf":{"@id":"https:\/\/www.unisphere-formation.fr\/#website"},"primaryImageOfPage":{"@id":"https:\/\/www.unisphere-formation.fr\/index.php\/pour-les-entreprises\/#primaryimage"},"image":{"@id":"https:\/\/www.unisphere-formation.fr\/index.php\/pour-les-entreprises\/#primaryimage"},"thumbnailUrl":"http:\/\/www.unisphere-formation.fr\/wp-content\/uploads\/2025\/05\/mt-sample-background.jpg","datePublished":"2025-05-23T11:59:26+00:00","dateModified":"2025-09-11T09:41:03+00:00","breadcrumb":{"@id":"https:\/\/www.unisphere-formation.fr\/index.php\/pour-les-entreprises\/#breadcrumb"},"inLanguage":"fr-FR","potentialAction":[{"@type":"ReadAction","target":["https:\/\/www.unisphere-formation.fr\/index.php\/pour-les-entreprises\/"]}]},{"@type":"ImageObject","inLanguage":"fr-FR","@id":"https:\/\/www.unisphere-formation.fr\/index.php\/pour-les-entreprises\/#primaryimage","url":"http:\/\/www.unisphere-formation.fr\/wp-content\/uploads\/2025\/05\/mt-sample-background.jpg","contentUrl":"http:\/\/www.unisphere-formation.fr\/wp-content\/uploads\/2025\/05\/mt-sample-background.jpg"},{"@type":"BreadcrumbList","@id":"https:\/\/www.unisphere-formation.fr\/index.php\/pour-les-entreprises\/#breadcrumb","itemListElement":[{"@type":"ListItem","position":1,"name":"Accueil","item":"https:\/\/www.unisphere-formation.fr\/"},{"@type":"ListItem","position":2,"name":"Accompagnement"}]},{"@type":"WebSite","@id":"https:\/\/www.unisphere-formation.fr\/#website","url":"https:\/\/www.unisphere-formation.fr\/","name":"Unisph\u00e8re Formation","description":"Refonder les liens, renforcer l&#039;\u00e9quit\u00e9.","publisher":{"@id":"https:\/\/www.unisphere-formation.fr\/#organization"},"potentialAction":[{"@type":"SearchAction","target":{"@type":"EntryPoint","urlTemplate":"https:\/\/www.unisphere-formation.fr\/?s={search_term_string}"},"query-input":{"@type":"PropertyValueSpecification","valueRequired":true,"valueName":"search_term_string"}}],"inLanguage":"fr-FR"},{"@type":"Organization","@id":"https:\/\/www.unisphere-formation.fr\/#organization","name":"Unisph\u00e8re Formation","url":"https:\/\/www.unisphere-formation.fr\/","logo":{"@type":"ImageObject","inLanguage":"fr-FR","@id":"https:\/\/www.unisphere-formation.fr\/#\/schema\/logo\/image\/","url":"https:\/\/www.unisphere-formation.fr\/wp-content\/uploads\/2025\/05\/LOGO-Mauve.png","contentUrl":"https:\/\/www.unisphere-formation.fr\/wp-content\/uploads\/2025\/05\/LOGO-Mauve.png","width":700,"height":200,"caption":"Unisph\u00e8re Formation"},"image":{"@id":"https:\/\/www.unisphere-formation.fr\/#\/schema\/logo\/image\/"}}]}},"jetpack_sharing_enabled":true,"_links":{"self":[{"href":"https:\/\/www.unisphere-formation.fr\/index.php\/wp-json\/wp\/v2\/pages\/39","targetHints":{"allow":["GET"]}}],"collection":[{"href":"https:\/\/www.unisphere-formation.fr\/index.php\/wp-json\/wp\/v2\/pages"}],"about":[{"href":"https:\/\/www.unisphere-formation.fr\/index.php\/wp-json\/wp\/v2\/types\/page"}],"author":[{"embeddable":true,"href":"https:\/\/www.unisphere-formation.fr\/index.php\/wp-json\/wp\/v2\/users\/1"}],"replies":[{"embeddable":true,"href":"https:\/\/www.unisphere-formation.fr\/index.php\/wp-json\/wp\/v2\/comments?post=39"}],"version-history":[{"count":17,"href":"https:\/\/www.unisphere-formation.fr\/index.php\/wp-json\/wp\/v2\/pages\/39\/revisions"}],"predecessor-version":[{"id":430,"href":"https:\/\/www.unisphere-formation.fr\/index.php\/wp-json\/wp\/v2\/pages\/39\/revisions\/430"}],"wp:attachment":[{"href":"https:\/\/www.unisphere-formation.fr\/index.php\/wp-json\/wp\/v2\/media?parent=39"}],"curies":[{"name":"wp","href":"https:\/\/api.w.org\/{rel}","templated":true}]}}