{"id":41,"date":"2025-05-23T13:59:58","date_gmt":"2025-05-23T11:59:58","guid":{"rendered":"https:\/\/www.unisphere-formation.fr\/?page_id=41"},"modified":"2025-09-11T11:36:49","modified_gmt":"2025-09-11T09:36:49","slug":"pour-les-etablissements-du-superieur","status":"publish","type":"page","link":"https:\/\/www.unisphere-formation.fr\/index.php\/pour-les-etablissements-du-superieur\/","title":{"rendered":"Formation"},"content":{"rendered":"\t\t<div data-elementor-type=\"wp-page\" data-elementor-id=\"41\" class=\"elementor elementor-41\" data-elementor-post-type=\"page\">\n\t\t\t\t<div class=\"elementor-element elementor-element-28da973 e-flex e-con-boxed e-con e-parent\" data-id=\"28da973\" data-element_type=\"container\" data-settings=\"{&quot;background_background&quot;:&quot;classic&quot;}\">\n\t\t\t\t\t<div class=\"e-con-inner\">\n\t\t<div class=\"elementor-element elementor-element-715b062 e-con-full e-flex e-con e-child\" data-id=\"715b062\" data-element_type=\"container\">\n\t\t\t\t<div class=\"elementor-element elementor-element-b1da7ed elementor-widget elementor-widget-heading\" data-id=\"b1da7ed\" data-element_type=\"widget\" data-widget_type=\"heading.default\">\n\t\t\t\t<div class=\"elementor-widget-container\">\n\t\t\t\t\t<h2 class=\"elementor-heading-title elementor-size-default\">Formation<\/h2>\t\t\t\t<\/div>\n\t\t\t\t<\/div>\n\t\t\t\t<div class=\"elementor-element elementor-element-ac0ae93 elementor-widget elementor-widget-text-editor\" data-id=\"ac0ae93\" data-element_type=\"widget\" data-widget_type=\"text-editor.default\">\n\t\t\t\t<div class=\"elementor-widget-container\">\n\t\t\t\t\t\t\t\t\t<p>Allier expertise juridique et exp\u00e9rience de terrain pour transformer vos pratiques au quotidien<\/p>\t\t\t\t\t\t\t\t<\/div>\n\t\t\t\t<\/div>\n\t\t\t\t<div class=\"elementor-element elementor-element-460701d elementor-widget elementor-widget-button\" data-id=\"460701d\" data-element_type=\"widget\" data-widget_type=\"button.default\">\n\t\t\t\t<div class=\"elementor-widget-container\">\n\t\t\t\t\t\t\t\t\t<div class=\"elementor-button-wrapper\">\n\t\t\t\t\t<a class=\"elementor-button elementor-button-link elementor-size-sm\" href=\"#contact\">\n\t\t\t\t\t\t<span class=\"elementor-button-content-wrapper\">\n\t\t\t\t\t\t<span class=\"elementor-button-icon\">\n\t\t\t\t<svg aria-hidden=\"true\" class=\"e-font-icon-svg e-fas-arrow-right\" viewBox=\"0 0 448 512\" xmlns=\"http:\/\/www.w3.org\/2000\/svg\"><path d=\"M190.5 66.9l22.2-22.2c9.4-9.4 24.6-9.4 33.9 0L441 239c9.4 9.4 9.4 24.6 0 33.9L246.6 467.3c-9.4 9.4-24.6 9.4-33.9 0l-22.2-22.2c-9.5-9.5-9.3-25 .4-34.3L311.4 296H24c-13.3 0-24-10.7-24-24v-32c0-13.3 10.7-24 24-24h287.4L190.9 101.2c-9.8-9.3-10-24.8-.4-34.3z\"><\/path><\/svg>\t\t\t<\/span>\n\t\t\t\t\t\t\t\t\t<span class=\"elementor-button-text\">Contact<\/span>\n\t\t\t\t\t<\/span>\n\t\t\t\t\t<\/a>\n\t\t\t\t<\/div>\n\t\t\t\t\t\t\t\t<\/div>\n\t\t\t\t<\/div>\n\t\t\t\t<\/div>\n\t\t\t\t\t<\/div>\n\t\t\t\t<\/div>\n\t\t<div class=\"elementor-element elementor-element-784b994 e-flex e-con-boxed e-con e-parent\" data-id=\"784b994\" data-element_type=\"container\" data-settings=\"{&quot;background_background&quot;:&quot;classic&quot;}\">\n\t\t\t\t\t<div class=\"e-con-inner\">\n\t\t<div class=\"elementor-element elementor-element-d109ae9 e-con-full e-flex e-con e-child\" data-id=\"d109ae9\" data-element_type=\"container\" data-settings=\"{&quot;background_background&quot;:&quot;classic&quot;}\">\n\t\t\t\t<div class=\"elementor-element elementor-element-e620a2d elementor-widget elementor-widget-text-editor\" data-id=\"e620a2d\" data-element_type=\"widget\" data-widget_type=\"text-editor.default\">\n\t\t\t\t<div class=\"elementor-widget-container\">\n\t\t\t\t\t\t\t\t\t<p>Nos formations sont con\u00e7ues pour <strong data-start=\"286\" data-end=\"330\">s\u2019adapter \u00e0 vos besoins et \u00e0 vos publics<\/strong>.<\/p><p>\ud83d\udc49 Formats possibles : \u00e0 minima <strong data-start=\"366\" data-end=\"386\">une demi-journ\u00e9e<\/strong>, et ajustables sur une journ\u00e9e compl\u00e8te ou plusieurs modules pour\u00a0 approfondir les comp\u00e9tences.<br data-start=\"481\" data-end=\"484\" \/>\ud83d\udc49 Interventions r\u00e9alisables en pr\u00e9sentiel ou \u00e0 distance.<\/p><p>\ud83d\udc49 Formation <strong>intra-entreprise<\/strong> ou <strong>inter-entreprises<\/strong> en fonction de vos besoins<\/p>\t\t\t\t\t\t\t\t<\/div>\n\t\t\t\t<\/div>\n\t\t\t\t<\/div>\n\t\t\t\t\t<\/div>\n\t\t\t\t<\/div>\n\t\t<div class=\"elementor-element elementor-element-6b5d7e0 e-flex e-con-boxed e-con e-parent\" data-id=\"6b5d7e0\" data-element_type=\"container\">\n\t\t\t\t\t<div class=\"e-con-inner\">\n\t\t\t\t<div class=\"elementor-element elementor-element-ba01d0d elementor-widget elementor-widget-text-editor\" data-id=\"ba01d0d\" data-element_type=\"widget\" data-widget_type=\"text-editor.default\">\n\t\t\t\t<div class=\"elementor-widget-container\">\n\t\t\t\t\t\t\t\t\t<p><strong>Nos th\u00e9matiques propos\u00e9es :<\/strong><\/p><ul><li data-start=\"576\" data-end=\"752\"><p data-start=\"578\" data-end=\"752\"><strong data-start=\"578\" data-end=\"619\">Lutte contre les Violences sexistes et sexuelles (VSS)<\/strong><br data-start=\"619\" data-end=\"622\" \/>Sensibiliser, pr\u00e9venir et agir face aux situations de violences sexistes et sexuelles dans le monde professionnel et \u00e9ducatif. Nous intervenons dans tous les domaines et ma\u00eetrisons particuli\u00e8rement les enjeux du milieu sportif et universitaire<\/p><\/li><li data-start=\"754\" data-end=\"921\"><p data-start=\"756\" data-end=\"921\"><strong data-start=\"756\" data-end=\"782\">Harc\u00e8lement au travail<\/strong><br data-start=\"782\" data-end=\"785\" \/>Identifier les situations de harc\u00e8lement, comprendre le cadre l\u00e9gal, mettre en place des dispositifs de pr\u00e9vention et de traitement. Module adaptable en fonction du public cible : \u00e9tudiant(e)s, ERS, salari(\u00e9)es, RH, managers, membres CSE.<\/p><\/li><li data-start=\"754\" data-end=\"921\"><strong data-start=\"1054\" data-end=\"1090\">Lutte contre les discriminations<\/strong><br data-start=\"1090\" data-end=\"1093\" \/>Pr\u00e9venir et agir contre toutes les formes de discriminations (genre, origine, handicap, orientation sexuelle, etc.) et favoriser des pratiques inclusives.<\/li><li data-start=\"923\" data-end=\"1097\"><p data-start=\"925\" data-end=\"1097\"><strong data-start=\"925\" data-end=\"945\">Droit du travail<\/strong><br data-start=\"945\" data-end=\"948\" \/>Approfondir les r\u00e8gles essentielles pour les employeurs, managers et salari\u00e9(e)s : droits et\u00a0 obligations l\u00e9gales et pr\u00e9vention des risques.<\/p><\/li><li data-start=\"1099\" data-end=\"1289\"><p data-start=\"1101\" data-end=\"1289\"><strong data-start=\"1101\" data-end=\"1134\">Droit de la fonction publique<\/strong><br data-start=\"1134\" data-end=\"1137\" \/>Comprendre les sp\u00e9cificit\u00e9s juridiques et r\u00e9glementaires de la fonction publique en mati\u00e8re de gestion des conflits, de pr\u00e9vention et de protection. Ma\u00eetriser les sp\u00e9cificit\u00e9s de la fonction publique : statuts, droits et obligations des agents de la fonction publique<\/p><\/li><li data-start=\"1291\" data-end=\"1472\"><p data-start=\"1293\" data-end=\"1472\"><strong data-start=\"1293\" data-end=\"1321\">Accompagner et orienter les victimes<\/strong><br data-start=\"1321\" data-end=\"1324\" \/>Acqu\u00e9rir des outils pour accueillir, \u00e9couter et orienter les victimes avec bienveillance et efficacit\u00e9, en respectant le cadre l\u00e9gal et \u00e9thique.<\/p><\/li><\/ul>\t\t\t\t\t\t\t\t<\/div>\n\t\t\t\t<\/div>\n\t\t\t\t\t<\/div>\n\t\t\t\t<\/div>\n\t\t\t\t<\/div>\n\t\t","protected":false},"excerpt":{"rendered":"<p>Formation Allier expertise juridique et exp\u00e9rience de terrain pour transformer vos pratiques au quotidien Contact Nos formations sont con\u00e7ues pour s\u2019adapter \u00e0 vos besoins et \u00e0 vos publics. \ud83d\udc49 Formats possibles : \u00e0 minima une demi-journ\u00e9e, et ajustables sur une journ\u00e9e compl\u00e8te ou plusieurs modules pour\u00a0 approfondir les comp\u00e9tences.\ud83d\udc49 Interventions r\u00e9alisables en pr\u00e9sentiel ou \u00e0 [&hellip;]<\/p>\n","protected":false},"author":1,"featured_media":0,"parent":0,"menu_order":0,"comment_status":"closed","ping_status":"closed","template":"","meta":{"footnotes":""},"class_list":["post-41","page","type-page","status-publish","hentry"],"yoast_head":"<!-- This site is optimized with the Yoast SEO plugin v25.0 - https:\/\/yoast.com\/wordpress\/plugins\/seo\/ -->\n<title>Formation - Unisph\u00e8re Formation<\/title>\n<meta name=\"robots\" content=\"index, follow, max-snippet:-1, max-image-preview:large, max-video-preview:-1\" \/>\n<link rel=\"canonical\" href=\"https:\/\/www.unisphere-formation.fr\/index.php\/pour-les-etablissements-du-superieur\/\" \/>\n<meta property=\"og:locale\" content=\"fr_FR\" \/>\n<meta property=\"og:type\" content=\"article\" \/>\n<meta property=\"og:title\" content=\"Formation - Unisph\u00e8re Formation\" \/>\n<meta property=\"og:description\" content=\"Formation Allier expertise juridique et exp\u00e9rience de terrain pour transformer vos pratiques au quotidien Contact Nos formations sont con\u00e7ues pour s\u2019adapter \u00e0 vos besoins et \u00e0 vos publics. \ud83d\udc49 Formats possibles : \u00e0 minima une demi-journ\u00e9e, et ajustables sur une journ\u00e9e compl\u00e8te ou plusieurs modules pour\u00a0 approfondir les comp\u00e9tences.\ud83d\udc49 Interventions r\u00e9alisables en pr\u00e9sentiel ou \u00e0 [&hellip;]\" \/>\n<meta property=\"og:url\" content=\"https:\/\/www.unisphere-formation.fr\/index.php\/pour-les-etablissements-du-superieur\/\" \/>\n<meta property=\"og:site_name\" content=\"Unisph\u00e8re Formation\" \/>\n<meta property=\"article:modified_time\" content=\"2025-09-11T09:36:49+00:00\" \/>\n<meta name=\"twitter:card\" content=\"summary_large_image\" \/>\n<meta name=\"twitter:label1\" content=\"Dur\u00e9e de lecture estim\u00e9e\" \/>\n\t<meta name=\"twitter:data1\" content=\"2 minutes\" \/>\n<script type=\"application\/ld+json\" class=\"yoast-schema-graph\">{\"@context\":\"https:\/\/schema.org\",\"@graph\":[{\"@type\":\"WebPage\",\"@id\":\"https:\/\/www.unisphere-formation.fr\/index.php\/pour-les-etablissements-du-superieur\/\",\"url\":\"https:\/\/www.unisphere-formation.fr\/index.php\/pour-les-etablissements-du-superieur\/\",\"name\":\"Formation - Unisph\u00e8re Formation\",\"isPartOf\":{\"@id\":\"https:\/\/www.unisphere-formation.fr\/#website\"},\"datePublished\":\"2025-05-23T11:59:58+00:00\",\"dateModified\":\"2025-09-11T09:36:49+00:00\",\"breadcrumb\":{\"@id\":\"https:\/\/www.unisphere-formation.fr\/index.php\/pour-les-etablissements-du-superieur\/#breadcrumb\"},\"inLanguage\":\"fr-FR\",\"potentialAction\":[{\"@type\":\"ReadAction\",\"target\":[\"https:\/\/www.unisphere-formation.fr\/index.php\/pour-les-etablissements-du-superieur\/\"]}]},{\"@type\":\"BreadcrumbList\",\"@id\":\"https:\/\/www.unisphere-formation.fr\/index.php\/pour-les-etablissements-du-superieur\/#breadcrumb\",\"itemListElement\":[{\"@type\":\"ListItem\",\"position\":1,\"name\":\"Accueil\",\"item\":\"https:\/\/www.unisphere-formation.fr\/\"},{\"@type\":\"ListItem\",\"position\":2,\"name\":\"Formation\"}]},{\"@type\":\"WebSite\",\"@id\":\"https:\/\/www.unisphere-formation.fr\/#website\",\"url\":\"https:\/\/www.unisphere-formation.fr\/\",\"name\":\"Unisph\u00e8re Formation\",\"description\":\"Refonder les liens, renforcer l&#039;\u00e9quit\u00e9.\",\"publisher\":{\"@id\":\"https:\/\/www.unisphere-formation.fr\/#organization\"},\"potentialAction\":[{\"@type\":\"SearchAction\",\"target\":{\"@type\":\"EntryPoint\",\"urlTemplate\":\"https:\/\/www.unisphere-formation.fr\/?s={search_term_string}\"},\"query-input\":{\"@type\":\"PropertyValueSpecification\",\"valueRequired\":true,\"valueName\":\"search_term_string\"}}],\"inLanguage\":\"fr-FR\"},{\"@type\":\"Organization\",\"@id\":\"https:\/\/www.unisphere-formation.fr\/#organization\",\"name\":\"Unisph\u00e8re Formation\",\"url\":\"https:\/\/www.unisphere-formation.fr\/\",\"logo\":{\"@type\":\"ImageObject\",\"inLanguage\":\"fr-FR\",\"@id\":\"https:\/\/www.unisphere-formation.fr\/#\/schema\/logo\/image\/\",\"url\":\"https:\/\/www.unisphere-formation.fr\/wp-content\/uploads\/2025\/05\/LOGO-Mauve.png\",\"contentUrl\":\"https:\/\/www.unisphere-formation.fr\/wp-content\/uploads\/2025\/05\/LOGO-Mauve.png\",\"width\":700,\"height\":200,\"caption\":\"Unisph\u00e8re Formation\"},\"image\":{\"@id\":\"https:\/\/www.unisphere-formation.fr\/#\/schema\/logo\/image\/\"}}]}<\/script>\n<!-- \/ Yoast SEO plugin. -->","yoast_head_json":{"title":"Formation - Unisph\u00e8re Formation","robots":{"index":"index","follow":"follow","max-snippet":"max-snippet:-1","max-image-preview":"max-image-preview:large","max-video-preview":"max-video-preview:-1"},"canonical":"https:\/\/www.unisphere-formation.fr\/index.php\/pour-les-etablissements-du-superieur\/","og_locale":"fr_FR","og_type":"article","og_title":"Formation - Unisph\u00e8re Formation","og_description":"Formation Allier expertise juridique et exp\u00e9rience de terrain pour transformer vos pratiques au quotidien Contact Nos formations sont con\u00e7ues pour s\u2019adapter \u00e0 vos besoins et \u00e0 vos publics. \ud83d\udc49 Formats possibles : \u00e0 minima une demi-journ\u00e9e, et ajustables sur une journ\u00e9e compl\u00e8te ou plusieurs modules pour\u00a0 approfondir les comp\u00e9tences.\ud83d\udc49 Interventions r\u00e9alisables en pr\u00e9sentiel ou \u00e0 [&hellip;]","og_url":"https:\/\/www.unisphere-formation.fr\/index.php\/pour-les-etablissements-du-superieur\/","og_site_name":"Unisph\u00e8re Formation","article_modified_time":"2025-09-11T09:36:49+00:00","twitter_card":"summary_large_image","twitter_misc":{"Dur\u00e9e de lecture estim\u00e9e":"2 minutes"},"schema":{"@context":"https:\/\/schema.org","@graph":[{"@type":"WebPage","@id":"https:\/\/www.unisphere-formation.fr\/index.php\/pour-les-etablissements-du-superieur\/","url":"https:\/\/www.unisphere-formation.fr\/index.php\/pour-les-etablissements-du-superieur\/","name":"Formation - Unisph\u00e8re Formation","isPartOf":{"@id":"https:\/\/www.unisphere-formation.fr\/#website"},"datePublished":"2025-05-23T11:59:58+00:00","dateModified":"2025-09-11T09:36:49+00:00","breadcrumb":{"@id":"https:\/\/www.unisphere-formation.fr\/index.php\/pour-les-etablissements-du-superieur\/#breadcrumb"},"inLanguage":"fr-FR","potentialAction":[{"@type":"ReadAction","target":["https:\/\/www.unisphere-formation.fr\/index.php\/pour-les-etablissements-du-superieur\/"]}]},{"@type":"BreadcrumbList","@id":"https:\/\/www.unisphere-formation.fr\/index.php\/pour-les-etablissements-du-superieur\/#breadcrumb","itemListElement":[{"@type":"ListItem","position":1,"name":"Accueil","item":"https:\/\/www.unisphere-formation.fr\/"},{"@type":"ListItem","position":2,"name":"Formation"}]},{"@type":"WebSite","@id":"https:\/\/www.unisphere-formation.fr\/#website","url":"https:\/\/www.unisphere-formation.fr\/","name":"Unisph\u00e8re Formation","description":"Refonder les liens, renforcer l&#039;\u00e9quit\u00e9.","publisher":{"@id":"https:\/\/www.unisphere-formation.fr\/#organization"},"potentialAction":[{"@type":"SearchAction","target":{"@type":"EntryPoint","urlTemplate":"https:\/\/www.unisphere-formation.fr\/?s={search_term_string}"},"query-input":{"@type":"PropertyValueSpecification","valueRequired":true,"valueName":"search_term_string"}}],"inLanguage":"fr-FR"},{"@type":"Organization","@id":"https:\/\/www.unisphere-formation.fr\/#organization","name":"Unisph\u00e8re Formation","url":"https:\/\/www.unisphere-formation.fr\/","logo":{"@type":"ImageObject","inLanguage":"fr-FR","@id":"https:\/\/www.unisphere-formation.fr\/#\/schema\/logo\/image\/","url":"https:\/\/www.unisphere-formation.fr\/wp-content\/uploads\/2025\/05\/LOGO-Mauve.png","contentUrl":"https:\/\/www.unisphere-formation.fr\/wp-content\/uploads\/2025\/05\/LOGO-Mauve.png","width":700,"height":200,"caption":"Unisph\u00e8re Formation"},"image":{"@id":"https:\/\/www.unisphere-formation.fr\/#\/schema\/logo\/image\/"}}]}},"jetpack_sharing_enabled":true,"_links":{"self":[{"href":"https:\/\/www.unisphere-formation.fr\/index.php\/wp-json\/wp\/v2\/pages\/41","targetHints":{"allow":["GET"]}}],"collection":[{"href":"https:\/\/www.unisphere-formation.fr\/index.php\/wp-json\/wp\/v2\/pages"}],"about":[{"href":"https:\/\/www.unisphere-formation.fr\/index.php\/wp-json\/wp\/v2\/types\/page"}],"author":[{"embeddable":true,"href":"https:\/\/www.unisphere-formation.fr\/index.php\/wp-json\/wp\/v2\/users\/1"}],"replies":[{"embeddable":true,"href":"https:\/\/www.unisphere-formation.fr\/index.php\/wp-json\/wp\/v2\/comments?post=41"}],"version-history":[{"count":17,"href":"https:\/\/www.unisphere-formation.fr\/index.php\/wp-json\/wp\/v2\/pages\/41\/revisions"}],"predecessor-version":[{"id":426,"href":"https:\/\/www.unisphere-formation.fr\/index.php\/wp-json\/wp\/v2\/pages\/41\/revisions\/426"}],"wp:attachment":[{"href":"https:\/\/www.unisphere-formation.fr\/index.php\/wp-json\/wp\/v2\/media?parent=41"}],"curies":[{"name":"wp","href":"https:\/\/api.w.org\/{rel}","templated":true}]}}